{"id":70,"date":"2025-04-03T10:45:37","date_gmt":"2025-04-03T08:45:37","guid":{"rendered":"http:\/\/dionysiusgemeinde-lehe.de\/?page_id=70"},"modified":"2026-03-03T11:27:46","modified_gmt":"2026-03-03T10:27:46","slug":"angebote-jugendliche-und-konfis","status":"publish","type":"page","link":"https:\/\/dionysiusgemeinde-lehe.de\/index.php\/angebote-jugendliche-und-konfis\/","title":{"rendered":"Angebote f\u00fcr Jugendliche"},"content":{"rendered":"\n<p>Highlight 2026 ist das LaJu-Camp vom 11.-14.06.2026: <a href=\"https:\/\/www.ejh.de\/aktivitaeten\/lajucamp\">https:\/\/www.ejh.de\/aktivitaeten\/lajucamp<\/a><\/p>\n\n\n\n<p><\/p>\n\n\n\n<p><\/p>\n\n\n\n<p>Vom 04.- 06.12.26 wird es wieder das Adventsseminar stattfinden! F\u00fcr weitere Infos (aus 2025) <a href=\"https:\/\/dionysiusgemeinde-lehe.de\/index.php\/2025\/10\/28\/adventsseminar-fuer-jugendliche-5-7-12\/\" data-type=\"link\" data-id=\"https:\/\/dionysiusgemeinde-lehe.de\/index.php\/2025\/10\/28\/adventsseminar-fuer-jugendliche-5-7-12\/\">hier<\/a> klicken. <\/p>\n\n\n\n<div style=\"height:100px\" aria-hidden=\"true\" class=\"wp-block-spacer\"><\/div>\n\n\n\n<p><strong>Start des neuen Konfi-Jahrgangs<\/strong><\/p>\n\n\n\n<p>Im Februar 2026 ging der neue Konfi-Jahrgang wieder an den Start. Herzlich eingeladen waren alle Jugendlichen des Jahrgangs 08\/2012 &#8211; 08\/2013 (regul\u00e4r 7. Klasse). 30 junge Menschen sind der Einladung gefolgt. <\/p>\n\n\n\n<p>Familien, deren Anschrift im Kirchenb\u00fcro vorliegt, haben bereits einen Brief mit der Einladung und Anmeldeunterlagen zum Konfi-Unterricht erhalten. Wer nicht angeschrieben werden konnte, darf sich aber ebenso herzlich eingeladen f\u00fchlen und kann sich gerne im Kirchenb\u00fcro im \u201eZentrum Alte Kirche\u201c (Stresemannstr. 267, Tel:0471-81412) oder bei Pastor Dietmar Meyer (Tel:0471-30052455) die Unterlagen bestellen oder abholen.<\/p>\n\n\n\n<p>Der Konfirmationstermin des neuen Jahrgangs wird der 2. Mai 2027 sein. <\/p>\n\n\n\n<div style=\"height:100px\" aria-hidden=\"true\" class=\"wp-block-spacer\"><\/div>\n\n\n\n<p><strong>Jugendliche sind \u00fcberall dabei!<\/strong><\/p>\n\n\n\n<p>Nach der Konfirmation l\u00e4dt die Evangelische Jugend der Dionysiusgemeinde-Lehe interessierte jungen Menschen zu einem Wochenende ein, um die M\u00f6glichkeiten als Mitarbeiter*in in den verschiedenen Bereichen der Kinder- und Konfirmandenarbeit kennen zu lernen. Neben dem Spa\u00df steht vor allem Teambildung, Spielp\u00e4dagogik und Konflikttraining auf dem Programm. Die Mehrzahl der Jugendlichen bleibt nach diesem Einstiegsseminar \u201edabei\u201c und steigt in die Mitarbeit ein. Ohne sie w\u00fcrden die Angebote in der Arbeit mit Kindern und Konfirmand*innen deutlich an Qualit\u00e4t verlieren.<\/p>\n\n\n\n<p>In den Herbstferien bietet die ev. Jugend des Kirchenkreises Bremerhaven dann ein JuLeiCa-Seminar an: Dabei werden Kenntnisse in Bereich der Rechtskunde und der Gruppendynamik vermittelt, bisherige Erfahrungen der Teamer*innen werden besprochen und dienen dazu, Handlungsm\u00f6glichkeiten in schwierigen Situationen mit Kindern und Jugendlichen zu erhalten und auch einzelne Fachbereiche wie Erlebnisp\u00e4dagogik, Spielentwicklung oder Genderarbeit stehen zur Auswahl. Neben den p\u00e4dagogischen F\u00e4higkeiten werden die Teilnehmer*innen ermutigt, ihre eigene Glaubenssprache zu finden sowie jugendgerechte Formen von Gottesdiensten und Andachten zu entwickeln.<\/p>\n\n\n\n<p><strong>Einblicke in vergangene Aktionen: <\/strong><\/p>\n\n\n\n<figure class=\"wp-block-gallery has-nested-images columns-default is-cropped wp-block-gallery-1 is-layout-flex wp-block-gallery-is-layout-flex\">\n<figure class=\"wp-block-image size-large\"><img loading=\"lazy\" decoding=\"async\" width=\"300\" height=\"200\" data-id=\"234\" src=\"https:\/\/dionysiusgemeinde-lehe.de\/wp-content\/uploads\/2025\/04\/Jugend2.jpg\" alt=\"\" class=\"wp-image-234\"\/><\/figure>\n\n\n\n<figure class=\"wp-block-image size-large\"><img loading=\"lazy\" decoding=\"async\" width=\"1600\" height=\"1067\" data-id=\"464\" src=\"https:\/\/dionysiusgemeinde-lehe.de\/wp-content\/uploads\/2025\/04\/qsa-uv4wj0k.jpg\" alt=\"religious concert performed by a band on stage\" class=\"wp-image-464\"\/><\/figure>\n\n\n\n<figure class=\"wp-block-image size-large\"><img loading=\"lazy\" decoding=\"async\" width=\"1024\" height=\"682\" data-id=\"807\" src=\"https:\/\/dionysiusgemeinde-lehe.de\/wp-content\/uploads\/2025\/07\/teatime2018cn-1024x682.jpg\" alt=\"\" class=\"wp-image-807\" srcset=\"https:\/\/dionysiusgemeinde-lehe.de\/wp-content\/uploads\/2025\/07\/teatime2018cn-1024x682.jpg 1024w, https:\/\/dionysiusgemeinde-lehe.de\/wp-content\/uploads\/2025\/07\/teatime2018cn-300x200.jpg 300w, https:\/\/dionysiusgemeinde-lehe.de\/wp-content\/uploads\/2025\/07\/teatime2018cn-768x512.jpg 768w, https:\/\/dionysiusgemeinde-lehe.de\/wp-content\/uploads\/2025\/07\/teatime2018cn.jpg 1280w\" sizes=\"auto, (max-width: 1024px) 100vw, 1024px\" \/><\/figure>\n\n\n\n<figure class=\"wp-block-image size-large\"><img loading=\"lazy\" decoding=\"async\" width=\"878\" height=\"584\" data-id=\"1183\" src=\"https:\/\/dionysiusgemeinde-lehe.de\/wp-content\/uploads\/2025\/10\/advent.png\" alt=\"\" class=\"wp-image-1183\" srcset=\"https:\/\/dionysiusgemeinde-lehe.de\/wp-content\/uploads\/2025\/10\/advent.png 878w, https:\/\/dionysiusgemeinde-lehe.de\/wp-content\/uploads\/2025\/10\/advent-300x200.png 300w, https:\/\/dionysiusgemeinde-lehe.de\/wp-content\/uploads\/2025\/10\/advent-768x511.png 768w\" sizes=\"auto, (max-width: 878px) 100vw, 878px\" \/><\/figure>\n\n\n\n<figure class=\"wp-block-image size-large\"><img loading=\"lazy\" decoding=\"async\" width=\"768\" height=\"1024\" data-id=\"1742\" src=\"https:\/\/dionysiusgemeinde-lehe.de\/wp-content\/uploads\/2026\/03\/WhatsApp-Image-2026-02-13-at-22.46.30-768x1024.jpeg\" alt=\"\" class=\"wp-image-1742\" srcset=\"https:\/\/dionysiusgemeinde-lehe.de\/wp-content\/uploads\/2026\/03\/WhatsApp-Image-2026-02-13-at-22.46.30-768x1024.jpeg 768w, https:\/\/dionysiusgemeinde-lehe.de\/wp-content\/uploads\/2026\/03\/WhatsApp-Image-2026-02-13-at-22.46.30-225x300.jpeg 225w, https:\/\/dionysiusgemeinde-lehe.de\/wp-content\/uploads\/2026\/03\/WhatsApp-Image-2026-02-13-at-22.46.30-1152x1536.jpeg 1152w, https:\/\/dionysiusgemeinde-lehe.de\/wp-content\/uploads\/2026\/03\/WhatsApp-Image-2026-02-13-at-22.46.30.jpeg 1500w\" sizes=\"auto, (max-width: 768px) 100vw, 768px\" \/><\/figure>\n<\/figure>\n\n\n\n<p><\/p>\n","protected":false},"excerpt":{"rendered":"<p>Highlight 2026 ist das LaJu-Camp vom 11.-14.06.2026: https:\/\/www.ejh.de\/aktivitaeten\/lajucamp Vom 04.- 06.12.26 wird es wieder das Adventsseminar stattfinden! F\u00fcr weitere Infos (aus 2025) hier klicken. Start des neuen Konfi-Jahrgangs Im Februar 2026 ging der neue Konfi-Jahrgang wieder an den Start. Herzlich eingeladen waren alle Jugendlichen des Jahrgangs 08\/2012 &#8211; 08\/2013 (regul\u00e4r 7. Klasse). 30 junge Menschen [&hellip;]<\/p>\n","protected":false},"author":2,"featured_media":0,"parent":0,"menu_order":0,"comment_status":"closed","ping_status":"closed","template":"","meta":{"footnotes":""},"class_list":["post-70","page","type-page","status-publish","hentry"],"_links":{"self":[{"href":"https:\/\/dionysiusgemeinde-lehe.de\/index.php\/wp-json\/wp\/v2\/pages\/70","targetHints":{"allow":["GET"]}}],"collection":[{"href":"https:\/\/dionysiusgemeinde-lehe.de\/index.php\/wp-json\/wp\/v2\/pages"}],"about":[{"href":"https:\/\/dionysiusgemeinde-lehe.de\/index.php\/wp-json\/wp\/v2\/types\/page"}],"author":[{"embeddable":true,"href":"https:\/\/dionysiusgemeinde-lehe.de\/index.php\/wp-json\/wp\/v2\/users\/2"}],"replies":[{"embeddable":true,"href":"https:\/\/dionysiusgemeinde-lehe.de\/index.php\/wp-json\/wp\/v2\/comments?post=70"}],"version-history":[{"count":20,"href":"https:\/\/dionysiusgemeinde-lehe.de\/index.php\/wp-json\/wp\/v2\/pages\/70\/revisions"}],"predecessor-version":[{"id":1748,"href":"https:\/\/dionysiusgemeinde-lehe.de\/index.php\/wp-json\/wp\/v2\/pages\/70\/revisions\/1748"}],"wp:attachment":[{"href":"https:\/\/dionysiusgemeinde-lehe.de\/index.php\/wp-json\/wp\/v2\/media?parent=70"}],"curies":[{"name":"wp","href":"https:\/\/api.w.org\/{rel}","templated":true}]}}