{"id":584,"date":"2025-04-18T12:02:26","date_gmt":"2025-04-18T10:02:26","guid":{"rendered":"https:\/\/dionysiusgemeinde-lehe.de\/?page_id=584"},"modified":"2025-10-25T16:14:35","modified_gmt":"2025-10-25T14:14:35","slug":"feiertage","status":"publish","type":"page","link":"https:\/\/dionysiusgemeinde-lehe.de\/index.php\/feiertage\/","title":{"rendered":"Feiertage"},"content":{"rendered":"\n<p>Gedanken aus unserer Gemeinde zu den Feiertagen im Kirchenjahr<\/p>\n\n\n\n<div style=\"height:47px\" aria-hidden=\"true\" class=\"wp-block-spacer\"><\/div>\n\n\n\n<div class=\"wp-block-group alignwide has-accent-background-color has-background is-horizontal is-layout-flex wp-block-group-is-layout-flex\">\n<p><a href=\"#Osterkreis\">Osterkreis<\/a><\/p>\n\n\n\n<p><a href=\"#Karfreitag\">Karfreitag<\/a><\/p>\n\n\n\n<p><a href=\"#Ostern\">Ostern<\/a><\/p>\n\n\n\n<p><a href=\"#Himmelfahrt\">Himmelfahrt<\/a><\/p>\n\n\n\n<p><a href=\"#Pfingsten\">Pfingsten<\/a><\/p>\n\n\n\n<p><a href=\"#Erntedankfest\">Erntedankfest<\/a><\/p>\n\n\n\n<p><a href=\"#Advent\" data-type=\"internal\" data-id=\"#Advent\">Advent<\/a><\/p>\n\n\n\n<p><a href=\"#Weihnachten\" data-type=\"internal\" data-id=\"#Weihnachten\">Weihnachten<\/a><\/p>\n<\/div>\n\n\n\n<div style=\"height:59px\" aria-hidden=\"true\" class=\"wp-block-spacer\"><\/div>\n\n\n\n<h2 class=\"wp-block-heading\" id=\"Osterkreis\">Der Osterkreis<\/h2>\n\n\n\n<p>Als <strong>Osterkreis<\/strong> bezeichnen wir die zusammenh\u00e4ngende Zeit im Kirchenjahr, die sich rund um das Fest der Auferstehung Jesu Christi \u2013 Ostern \u2013 gruppiert. Er ist der zentrale Festkreis des christlichen Glaubens und umfasst zwei Hauptabschnitte:<\/p>\n\n\n\n<h3 class=\"wp-block-heading\"><strong>Die \u00f6sterliche Bu\u00dfzeit (Fastenzeit)<\/strong><\/h3>\n\n\n\n<ul class=\"wp-block-list\">\n<li>Beginnt mit dem <strong>Aschermittwoch<\/strong><\/li>\n\n\n\n<li>Dauert <strong>40 Tage<\/strong> (ohne Sonntage) bis zum <strong>Karsamstag<\/strong><\/li>\n\n\n\n<li>Eine Zeit der Vorbereitung auf Ostern: durch Besinnung, Gebet, Fasten und Umkehr<\/li>\n<\/ul>\n\n\n\n<h3 class=\"wp-block-heading\"><strong>Die Osterzeit (Festzeit)<\/strong><\/h3>\n\n\n\n<ul class=\"wp-block-list\">\n<li>Beginnt mit dem <strong>Ostersonntag<\/strong>, dem Fest der Auferstehung<\/li>\n\n\n\n<li>Dauert <strong>50 Tage<\/strong> bis <strong>Pfingsten<\/strong><\/li>\n\n\n\n<li>Eine Zeit der Freude \u00fcber das Leben, das Christus geschenkt hat<\/li>\n<\/ul>\n\n\n\n<div style=\"height:95px\" aria-hidden=\"true\" class=\"wp-block-spacer\"><\/div>\n\n\n\n<h2 class=\"wp-block-heading\" id=\"Karfreitag\">Karfreitag<\/h2>\n\n\n\n<p>Karfreitag erinnert an den Tod von Jesus Christus am Kreuz. F\u00fcr uns Christen ist das ein wichtiger Moment, weil er zeigt, wie sehr Jesus die Menschen liebt und was er f\u00fcr sie getan hat. Karfreitag ist ein Tag des Nachdenkens, der Trauer, aber auch der Hoffnung \u2013 denn nach dem Tod folgt die Auferstehung, die an Ostern gefeiert wird.<\/p>\n\n\n\n<p><\/p>\n\n\n\n<figure class=\"wp-block-image size-large is-resized has-custom-border\"><img loading=\"lazy\" decoding=\"async\" width=\"575\" height=\"1024\" src=\"https:\/\/dionysiusgemeinde-lehe.de\/wp-content\/uploads\/2025\/04\/IMG20250418111406-575x1024.jpg\" alt=\"\" class=\"wp-image-585\" style=\"border-radius:20px;width:295px;height:auto\" srcset=\"https:\/\/dionysiusgemeinde-lehe.de\/wp-content\/uploads\/2025\/04\/IMG20250418111406-575x1024.jpg 575w, https:\/\/dionysiusgemeinde-lehe.de\/wp-content\/uploads\/2025\/04\/IMG20250418111406-168x300.jpg 168w, https:\/\/dionysiusgemeinde-lehe.de\/wp-content\/uploads\/2025\/04\/IMG20250418111406-768x1368.jpg 768w, https:\/\/dionysiusgemeinde-lehe.de\/wp-content\/uploads\/2025\/04\/IMG20250418111406-863x1536.jpg 863w, https:\/\/dionysiusgemeinde-lehe.de\/wp-content\/uploads\/2025\/04\/IMG20250418111406-1150x2048.jpg 1150w, https:\/\/dionysiusgemeinde-lehe.de\/wp-content\/uploads\/2025\/04\/IMG20250418111406-scaled.jpg 1438w\" sizes=\"auto, (max-width: 575px) 100vw, 575px\" \/><figcaption class=\"wp-element-caption\">Gestaltung: I. Appetecchi, Foto: U. Theiler<\/figcaption><\/figure>\n\n\n\n<p><strong>\u201eDenn so sehr hat Gott die Welt geliebt, dass er seinen eingeborenen Sohn gab, damit alle, die an ihn glauben, nicht verloren gehen, sondern das ewige Leben haben.\u201c<\/strong><br>\u2013 Johannes 3,16<\/p>\n\n\n\n<p><strong>Was bedeutet das f\u00fcr uns heute?<\/strong><\/p>\n\n\n\n<p>Karfreitag ist die Gelegenheit, \u00fcber wichtige Themen in unserem Leben nachzudenken: Liebe, Opfer, Hoffnung und Neuanfang. Karfreitag kann ein Moment sein, um innezuhalten und neue Perspektiven zu gewinnen. Es ist ein Tag, der uns daran erinnert, dass wir nicht allein sind und dass Hoffnung immer wieder neu entstehen kann.<\/p>\n\n\n\n<div style=\"height:52px\" aria-hidden=\"true\" class=\"wp-block-spacer\"><\/div>\n\n\n\n<h2 class=\"wp-block-heading\" id=\"Ostern\">Ostern<\/h2>\n\n\n\n<p><strong>Was bedeutet Ostern f\u00fcr uns heute?<\/strong><\/p>\n\n\n\n<figure class=\"wp-block-image size-large is-resized has-custom-border\"><img loading=\"lazy\" decoding=\"async\" width=\"497\" height=\"1024\" src=\"https:\/\/dionysiusgemeinde-lehe.de\/wp-content\/uploads\/2025\/04\/IMG-20250420-WA0004-497x1024.jpg\" alt=\"\" class=\"wp-image-656\" style=\"border-radius:20px;width:302px;height:auto\" srcset=\"https:\/\/dionysiusgemeinde-lehe.de\/wp-content\/uploads\/2025\/04\/IMG-20250420-WA0004-497x1024.jpg 497w, https:\/\/dionysiusgemeinde-lehe.de\/wp-content\/uploads\/2025\/04\/IMG-20250420-WA0004-146x300.jpg 146w, https:\/\/dionysiusgemeinde-lehe.de\/wp-content\/uploads\/2025\/04\/IMG-20250420-WA0004-768x1581.jpg 768w, https:\/\/dionysiusgemeinde-lehe.de\/wp-content\/uploads\/2025\/04\/IMG-20250420-WA0004-746x1536.jpg 746w, https:\/\/dionysiusgemeinde-lehe.de\/wp-content\/uploads\/2025\/04\/IMG-20250420-WA0004.jpg 777w\" sizes=\"auto, (max-width: 497px) 100vw, 497px\" \/><figcaption class=\"wp-element-caption\">Gestaltung und Foto: I. Appetecchi<\/figcaption><\/figure>\n\n\n\n<p>Ostern ist f\u00fcr uns heute ein Fest der Hoffnung, des Neubeginns und der Liebe. Es erinnert uns daran, dass Jesus Christus durch seine Auferstehung den Tod \u00fcberwunden hat und uns das Versprechen auf ewiges Leben schenkt. <\/p>\n\n\n\n<p>Ostern ist eine Zeit, um neu zu entdecken, dass Gottes Liebe st\u00e4rker ist als alles Leid und dass wir in seinem Licht Hoffnung und Zuversicht finden k\u00f6nnen. Es l\u00e4dt uns ein, gemeinsam zu feiern, zu reflektieren und unseren Glauben neu zu st\u00e4rken.<\/p>\n\n\n\n<figure class=\"wp-block-image size-large is-resized has-custom-border\"><img loading=\"lazy\" decoding=\"async\" width=\"683\" height=\"1024\" src=\"https:\/\/dionysiusgemeinde-lehe.de\/wp-content\/uploads\/2025\/04\/mrbx6dg07mi-683x1024.jpg\" alt=\"a cross in the middle of a field of daffodils\" class=\"wp-image-604\" style=\"border-radius:20px;width:299px;height:auto\" srcset=\"https:\/\/dionysiusgemeinde-lehe.de\/wp-content\/uploads\/2025\/04\/mrbx6dg07mi-683x1024.jpg 683w, https:\/\/dionysiusgemeinde-lehe.de\/wp-content\/uploads\/2025\/04\/mrbx6dg07mi-200x300.jpg 200w, https:\/\/dionysiusgemeinde-lehe.de\/wp-content\/uploads\/2025\/04\/mrbx6dg07mi-768x1152.jpg 768w, https:\/\/dionysiusgemeinde-lehe.de\/wp-content\/uploads\/2025\/04\/mrbx6dg07mi.jpg 800w\" sizes=\"auto, (max-width: 683px) 100vw, 683px\" \/><\/figure>\n\n\n\n<p><strong>\u201eDer Herr ist auferstanden! Er ist wahrhaftig auferstanden!\u201c<\/strong><br>\u2013 Lukas 24,34<\/p>\n\n\n\n<figure class=\"wp-block-image size-large is-resized has-custom-border\"><img loading=\"lazy\" decoding=\"async\" width=\"1340\" height=\"1005\" src=\"https:\/\/dionysiusgemeinde-lehe.de\/wp-content\/uploads\/2025\/04\/fl5m_ggz_w8-edited.jpg\" alt=\"white and black happy birthday signage\" class=\"wp-image-637\" style=\"border-radius:20px;width:283px;height:auto\" srcset=\"https:\/\/dionysiusgemeinde-lehe.de\/wp-content\/uploads\/2025\/04\/fl5m_ggz_w8-edited.jpg 1340w, https:\/\/dionysiusgemeinde-lehe.de\/wp-content\/uploads\/2025\/04\/fl5m_ggz_w8-edited-300x225.jpg 300w, https:\/\/dionysiusgemeinde-lehe.de\/wp-content\/uploads\/2025\/04\/fl5m_ggz_w8-edited-1024x768.jpg 1024w, https:\/\/dionysiusgemeinde-lehe.de\/wp-content\/uploads\/2025\/04\/fl5m_ggz_w8-edited-768x576.jpg 768w\" sizes=\"auto, (max-width: 1340px) 100vw, 1340px\" \/><\/figure>\n\n\n\n<div style=\"height:80px\" aria-hidden=\"true\" class=\"wp-block-spacer\"><\/div>\n\n\n\n<h2 class=\"wp-block-heading is-style-default\" id=\"Himmelfahrt\">Christi Himmelfahrt<\/h2>\n\n\n\n<p><strong>Warum feiern wir Himmelfahrt?<\/strong><\/p>\n\n\n\n<p>Den Feiertag Christi Himmelfahrt begehen wir 39 Tage nach dem Ostersonntag, also am Donnerstag nach dem f\u00fcnften Sonntag nach Ostern bzw. zehn Tage vor dem&nbsp;Pfingstfest, mit dem der <a href=\"#Osterkreis\">Osterkreis <\/a>dann schlie\u00dflich sein Ende findet.<\/p>\n\n\n\n<p>Christi Himmelfahrt geht auf die Apostelgeschichte des Lukas zur\u00fcck. Jesus Christus, der Sohn Gottes, ist an diesem Tag in den Himmel aufgefahren. Im Neuen Testament hei\u00dft es bei Lukas 24, 50-53:<\/p>\n\n\n\n<p>\u201e50 Er f\u00fchrte sie aber hinaus bis nach Betanien und hob die H\u00e4nde auf und segnete sie. 51 Und es geschah, als er sie segnete, schied er von ihnen und fuhr auf gen Himmel. 52 Sie aber beteten ihn an und kehrten zur\u00fcck nach Jerusalem mit gro\u00dfer Freude 53 und waren allezeit im Tempel und priesen Gott.&#8220;<\/p>\n\n\n\n<figure class=\"wp-block-image size-full is-resized has-custom-border\"><img loading=\"lazy\" decoding=\"async\" width=\"1600\" height=\"1067\" src=\"https:\/\/dionysiusgemeinde-lehe.de\/wp-content\/uploads\/2025\/04\/fau2ni1uixg.jpg\" alt=\"brown cross on brown rock during daytime\" class=\"wp-image-452\" style=\"border-radius:20px;width:447px;height:auto\"\/><\/figure>\n\n\n\n<div style=\"height:41px\" aria-hidden=\"true\" class=\"wp-block-spacer\"><\/div>\n\n\n\n<h2 class=\"wp-block-heading\" id=\"Pfingsten\">Pfingsten<\/h2>\n\n\n\n<p><strong>Warum feiern wir Pfingsten?<\/strong><\/p>\n\n\n\n<p>Pfingsten ist das Fest des Heiligen Geistes. F\u00fcnfzig Tage nach Ostern erinnern wir uns daran, wie Gottes Geist auf die J\u00fcngerinnen und J\u00fcnger herabkam \u2013 so erz\u00e4hlt es die Apostelgeschichte. Dieses Ereignis gilt als die Geburtsstunde der Kirche: Aus einer ver\u00e4ngstigten Gemeinschaft wurde eine mutige, lebendige Bewegung, die hinausging in die Welt, um die gute Nachricht von Jesus Christus zu verk\u00fcnden.<\/p>\n\n\n\n<p>Pfingsten erinnert uns daran, dass Gottes Geist auch heute wirkt \u2013 mitten unter uns, ermutigend, tr\u00f6stend und verbindend. Ein Fest der Hoffnung, der Gemeinschaft und der Erneuerung.<\/p>\n\n\n\n<p><strong>\u201eIhr werdet die Kraft des Heiligen Geistes empfangen, der auf euch kommen wird, und werdet meine Zeugen sein.\u201c<\/strong><br><em>(Apostelgeschichte 1,8)<\/em><\/p>\n\n\n\n<p>Dieses Wort Jesu an seine J\u00fcnger k\u00fcndigt das Pfingstereignis an und macht deutlich, wozu der Heilige Geist geschenkt wird: um Menschen zu st\u00e4rken und zu senden, damit sie Gottes Liebe in der Welt bezeugen.<\/p>\n\n\n\n<figure class=\"wp-block-image size-large is-resized has-custom-border\"><img loading=\"lazy\" decoding=\"async\" width=\"1024\" height=\"683\" src=\"https:\/\/dionysiusgemeinde-lehe.de\/wp-content\/uploads\/2025\/06\/c_flhtcp2vy-1024x683.jpg\" alt=\"brown stained glass\" class=\"wp-image-734\" style=\"border-radius:20px;width:467px;height:auto\" srcset=\"https:\/\/dionysiusgemeinde-lehe.de\/wp-content\/uploads\/2025\/06\/c_flhtcp2vy-1024x683.jpg 1024w, https:\/\/dionysiusgemeinde-lehe.de\/wp-content\/uploads\/2025\/06\/c_flhtcp2vy-300x200.jpg 300w, https:\/\/dionysiusgemeinde-lehe.de\/wp-content\/uploads\/2025\/06\/c_flhtcp2vy-768x512.jpg 768w, https:\/\/dionysiusgemeinde-lehe.de\/wp-content\/uploads\/2025\/06\/c_flhtcp2vy-1536x1024.jpg 1536w, https:\/\/dionysiusgemeinde-lehe.de\/wp-content\/uploads\/2025\/06\/c_flhtcp2vy.jpg 1600w\" sizes=\"auto, (max-width: 1024px) 100vw, 1024px\" \/><\/figure>\n\n\n\n<div style=\"height:100px\" aria-hidden=\"true\" class=\"wp-block-spacer\"><\/div>\n\n\n\n<h2 class=\"wp-block-heading\" id=\"Erntedankfest\">Erntedankfest<\/h2>\n\n\n\n<p>Das Erntedankfest l\u00e4dt uns dazu ein, innezuhalten und die F\u00fclle des Lebens bewusst wahrzunehmen. Nicht nur die Gaben von Feld und Garten stehen im Mittelpunkt, sondern auch das Bewusstsein, dass alles, was uns tr\u00e4gt und n\u00e4hrt, letztlich Geschenk Gottes ist \u2013 und dass Dankbarkeit eine Haltung ist, die das Herz \u00f6ffnet f\u00fcr Gemeinschaft, Teilen und Vertrauen in Gottes F\u00fcrsorge.<\/p>\n\n\n\n<p>Das Erntedankfest hat seinen Ursprung im alten christlichen Brauch,&nbsp;Gott f\u00fcr gute Ernten zu danken. Obwohl es in der Bibel keinen direkten Bezug zu einem festen Erntedankfest gibt, wird auf das S\u00e4en und&nbsp;Ernten dort auch Bezug genommen (<a href=\"https:\/\/www.die-bibel.de\/bibel\/BB\/GEN.1\" target=\"_blank\" rel=\"noreferrer noopener\"> z. B. 1. Mose 1,28 und 2,15)<\/a>&nbsp;. Der festliche Akt des Erntedankens hat sich in der Geschichte der christlichen Kirchen etabliert. W\u00e4hrend es fr\u00fcher zu verschiedenen Zeiten gefeiert wurde, wird es heute meistens am ersten Sonntag im Oktober gefeiert.  (<a href=\"https:\/\/sinnundsegen.de\/\">https:\/\/sinnundsegen.de\/<\/a>)<\/p>\n\n\n\n<figure class=\"wp-block-image size-large is-resized has-custom-border\"><img loading=\"lazy\" decoding=\"async\" width=\"1024\" height=\"683\" src=\"https:\/\/dionysiusgemeinde-lehe.de\/wp-content\/uploads\/2025\/10\/foky99s4rdm-1-1024x683.jpg\" alt=\"a pumpkin and a pumpkin in a basket\" class=\"wp-image-978\" style=\"border-radius:20px;width:502px;height:auto\" srcset=\"https:\/\/dionysiusgemeinde-lehe.de\/wp-content\/uploads\/2025\/10\/foky99s4rdm-1-1024x683.jpg 1024w, https:\/\/dionysiusgemeinde-lehe.de\/wp-content\/uploads\/2025\/10\/foky99s4rdm-1-300x200.jpg 300w, https:\/\/dionysiusgemeinde-lehe.de\/wp-content\/uploads\/2025\/10\/foky99s4rdm-1-768x512.jpg 768w, https:\/\/dionysiusgemeinde-lehe.de\/wp-content\/uploads\/2025\/10\/foky99s4rdm-1-1536x1024.jpg 1536w, https:\/\/dionysiusgemeinde-lehe.de\/wp-content\/uploads\/2025\/10\/foky99s4rdm-1.jpg 1600w\" sizes=\"auto, (max-width: 1024px) 100vw, 1024px\" \/><\/figure>\n\n\n\n<div style=\"height:100px\" aria-hidden=\"true\" class=\"wp-block-spacer\"><\/div>\n\n\n\n<h2 class=\"wp-block-heading\">Weihnachtszeit<\/h2>\n\n\n\n<h2 class=\"wp-block-heading\" id=\"Advent\">Advent<\/h2>\n\n\n\n<p><strong>Warum feiern wir die Adventszeit?<\/strong><\/p>\n\n\n\n<p>Der Advent ist eine besondere Zeit \u2013 eine Zeit des Wartens, der Vorfreude und des Innehaltens. Wir bereiten uns darauf vor, dass Gott in Jesus Christus Mensch wird und mitten unter uns kommt. Das lateinische Wort <em>Adventus<\/em> bedeutet \u201eAnkunft\u201c \u2013 und genau darum geht es: Gott kommt zu uns, in unsere Welt, in unser Leben.<\/p>\n\n\n\n<p>In der Hektik des Alltags l\u00e4dt uns der Advent ein, einen Moment still zu werden, eine Kerze anzuz\u00fcnden und das Licht wachsen zu sehen. Mit jeder brennenden Kerze auf dem Adventskranz wird es heller \u2013 ein Zeichen daf\u00fcr, dass die Hoffnung w\u00e4chst und das Licht Gottes n\u00e4herkommt.<\/p>\n\n\n\n<p>Wir feiern Advent, um uns neu daran zu erinnern, dass Gott uns entgegenkommt \u2013 mit Liebe, Frieden und Zuversicht. Diese Zeit ist eine Einladung, uns bewusst auf Weihnachten einzustimmen: mit offenen Herzen, mit Dankbarkeit und mit dem Vertrauen, dass Gottes Licht auch unsere Dunkelheit erhellt.<\/p>\n\n\n\n<figure class=\"wp-block-image size-large has-custom-border\"><img loading=\"lazy\" decoding=\"async\" width=\"1024\" height=\"683\" src=\"https:\/\/dionysiusgemeinde-lehe.de\/wp-content\/uploads\/2025\/10\/njwqgzw-b10-1024x683.jpg\" alt=\"a group of red candles sitting on top of a christmas tree\" class=\"wp-image-1137\" style=\"border-radius:20px\" srcset=\"https:\/\/dionysiusgemeinde-lehe.de\/wp-content\/uploads\/2025\/10\/njwqgzw-b10-1024x683.jpg 1024w, https:\/\/dionysiusgemeinde-lehe.de\/wp-content\/uploads\/2025\/10\/njwqgzw-b10-300x200.jpg 300w, https:\/\/dionysiusgemeinde-lehe.de\/wp-content\/uploads\/2025\/10\/njwqgzw-b10-768x512.jpg 768w, https:\/\/dionysiusgemeinde-lehe.de\/wp-content\/uploads\/2025\/10\/njwqgzw-b10-1536x1024.jpg 1536w, https:\/\/dionysiusgemeinde-lehe.de\/wp-content\/uploads\/2025\/10\/njwqgzw-b10.jpg 1600w\" sizes=\"auto, (max-width: 1024px) 100vw, 1024px\" \/><\/figure>\n\n\n\n<div style=\"height:100px\" aria-hidden=\"true\" class=\"wp-block-spacer\"><\/div>\n\n\n\n<h2 class=\"wp-block-heading\" id=\"Weihnachten\">Weihnachten<\/h2>\n\n\n\n<p><strong>Was Weihnachten f\u00fcr uns bedeutet<\/strong><\/p>\n\n\n\n<p>Weihnachten ist f\u00fcr Christinnen und Christen das Fest der Geburt Jesu Christi \u2013 des Mensch gewordenen Gottes. In einem Kind, das in einem einfachen Stall zur Welt kam, zeigt sich die Liebe Gottes zu den Menschen auf einzigartige Weise. Mit der Geburt Jesu beginnt die Geschichte der Erl\u00f6sung: Gott kommt uns ganz nahe, teilt unser Leben, unsere Freude und unsere Sorgen. Weihnachten erinnert uns daran, dass inmitten von Dunkelheit und Unsicherheit das Licht Gottes aufgeht \u2013 ein Licht, das Hoffnung und Frieden schenkt.<\/p>\n\n\n\n<p>Gerade in unserer heutigen Zeit, die von Unsicherheit und Krisen, und im Alltag oft genug von Hektik und Leistungsdruck gepr\u00e4gt ist, hat diese Botschaft eine besondere Bedeutung. Weihnachten l\u00e4dt uns ein, innezuhalten und das Wesentliche wiederzuentdecken: Gemeinschaft, Mitmenschlichkeit und die Zuversicht, dass Liebe st\u00e4rker ist als Hass und Angst. Es erinnert uns daran, dass jeder Mensch \u2013 unabh\u00e4ngig von Herkunft oder Lebenssituation \u2013 von Gott geliebt und angenommen ist.<\/p>\n\n\n\n<p>Indem wir Weihnachten feiern, \u00f6ffnen wir uns f\u00fcr diese Hoffnung und tragen sie weiter &#8211; im Gebet, im gemeinsamen Gottesdienst und auch in gelebter N\u00e4chstenliebe \u2013 durch ein freundliches Wort, eine helfende Hand oder einen Moment echter Aufmerksamkeit. So wird die Weihnachtsbotschaft lebendig: Gott ist da \u2013 mitten unter uns.<\/p>\n\n\n\n<figure class=\"wp-block-image size-large has-custom-border\"><img loading=\"lazy\" decoding=\"async\" width=\"683\" height=\"1024\" src=\"https:\/\/dionysiusgemeinde-lehe.de\/wp-content\/uploads\/2025\/10\/61waouuwqra-683x1024.jpg\" alt=\"yellow star hanging decor with light\" class=\"wp-image-1136\" style=\"border-radius:20px\" srcset=\"https:\/\/dionysiusgemeinde-lehe.de\/wp-content\/uploads\/2025\/10\/61waouuwqra-683x1024.jpg 683w, https:\/\/dionysiusgemeinde-lehe.de\/wp-content\/uploads\/2025\/10\/61waouuwqra-200x300.jpg 200w, https:\/\/dionysiusgemeinde-lehe.de\/wp-content\/uploads\/2025\/10\/61waouuwqra-768x1152.jpg 768w, https:\/\/dionysiusgemeinde-lehe.de\/wp-content\/uploads\/2025\/10\/61waouuwqra.jpg 800w\" sizes=\"auto, (max-width: 683px) 100vw, 683px\" \/><\/figure>\n\n\n\n<div style=\"height:100px\" aria-hidden=\"true\" class=\"wp-block-spacer\"><\/div>\n\n\n\n<p class=\"has-text-align-right\">(Ulla Theiler)<\/p>\n","protected":false},"excerpt":{"rendered":"<p>Gedanken aus unserer Gemeinde zu den Feiertagen im Kirchenjahr Osterkreis Karfreitag Ostern Himmelfahrt Pfingsten Erntedankfest Advent Weihnachten Der Osterkreis Als Osterkreis bezeichnen wir die zusammenh\u00e4ngende Zeit im Kirchenjahr, die sich rund um das Fest der Auferstehung Jesu Christi \u2013 Ostern \u2013 gruppiert. Er ist der zentrale Festkreis des christlichen Glaubens und umfasst zwei Hauptabschnitte: Die [&hellip;]<\/p>\n","protected":false},"author":2,"featured_media":0,"parent":0,"menu_order":0,"comment_status":"closed","ping_status":"closed","template":"","meta":{"footnotes":""},"class_list":["post-584","page","type-page","status-publish","hentry"],"_links":{"self":[{"href":"https:\/\/dionysiusgemeinde-lehe.de\/index.php\/wp-json\/wp\/v2\/pages\/584","targetHints":{"allow":["GET"]}}],"collection":[{"href":"https:\/\/dionysiusgemeinde-lehe.de\/index.php\/wp-json\/wp\/v2\/pages"}],"about":[{"href":"https:\/\/dionysiusgemeinde-lehe.de\/index.php\/wp-json\/wp\/v2\/types\/page"}],"author":[{"embeddable":true,"href":"https:\/\/dionysiusgemeinde-lehe.de\/index.php\/wp-json\/wp\/v2\/users\/2"}],"replies":[{"embeddable":true,"href":"https:\/\/dionysiusgemeinde-lehe.de\/index.php\/wp-json\/wp\/v2\/comments?post=584"}],"version-history":[{"count":56,"href":"https:\/\/dionysiusgemeinde-lehe.de\/index.php\/wp-json\/wp\/v2\/pages\/584\/revisions"}],"predecessor-version":[{"id":1146,"href":"https:\/\/dionysiusgemeinde-lehe.de\/index.php\/wp-json\/wp\/v2\/pages\/584\/revisions\/1146"}],"wp:attachment":[{"href":"https:\/\/dionysiusgemeinde-lehe.de\/index.php\/wp-json\/wp\/v2\/media?parent=584"}],"curies":[{"name":"wp","href":"https:\/\/api.w.org\/{rel}","templated":true}]}}