{"id":517,"date":"2025-04-09T11:43:14","date_gmt":"2025-04-09T09:43:14","guid":{"rendered":"https:\/\/dionysiusgemeinde-lehe.de\/?page_id=517"},"modified":"2025-04-09T11:43:57","modified_gmt":"2025-04-09T09:43:57","slug":"krippe-und-kita-arche","status":"publish","type":"page","link":"https:\/\/dionysiusgemeinde-lehe.de\/index.php\/krippe-und-kita-arche\/","title":{"rendered":"Krippe und Kita &#8222;Arche&#8220;"},"content":{"rendered":"\n<p><strong>Kindertagesst\u00e4tte und Krippe \u201eArche Noah\u201c<\/strong><\/p>\n\n\n\n<p>In der Kindertagesst\u00e4tte und Krippe Arche Noah stehen (wie in allen evangelischen Kindertagesst\u00e4tten) die Kinder mit ihren vielf\u00e4ltigen Bed\u00fcrfnissen, aber auch ihren Rechten im Mittelpunkt. Sie sind eingebunden in das Leben unserer Kirchengemeinde, werden gesehen, geh\u00f6rt und gestalten das Gemeindeleben aktiv mit. Die Zusammenarbeit mit Familien, besonders mit Kindern sind ein wichtiger Schwerpunkt in und mit unserer Gemeinde. <\/p>\n\n\n\n<p>M\u00f6chten Sie mehr wissen? <br>Rufen Sie uns gerne unter 0471-84488 an und machen einen Termin zu einem Rundgang aus  oder schreiben Sie  unter kts.archenoah.bremerhaven@evlka.de.<\/p>\n\n\n\n<p><strong>Allgemeine Informationen  Bericht aus Kita und Krippe<\/strong>: <\/p>\n\n\n\n<p>Die evangelisch-lutherische Kindertagesst\u00e4tte \u201cArche Noah\u201d bietet 40 Pl\u00e4tze f\u00fcr Kinder von 3-6 Jahren, davon 20 Halb- und 20 Ganztagespl\u00e4tze. Es besteht eine Kernbetreuungszeit von 8.00 bis 16.00 Uhr an. F\u00fcr Berufst\u00e4tige bieten wir dar\u00fcber hinaus ab 7.00 Uhr einen Fr\u00fchdienst und einen Sp\u00e4tdienst bis 17.00 Uhr an.<\/p>\n\n\n\n<p>Die Kinder in der Kita werden von 5 Erzieher*innen betreut.  Als Team gestalten wir die p\u00e4dagogische Arbeit gemeinsam und erg\u00e4nzen uns durch unterschiedliche vielf\u00e4ltige Kompetenzen. In der Zusammenarbeit mit den Eltern, die f\u00fcr uns wichtige Partner*innen in unserer Arbeit mit den Kindern sind, liegt uns die Betreuung, Bildung und Erziehung besonders am Herzen. Wir sind ein anerkannter Ausbildungsbetrieb und erweitern durch regelm\u00e4\u00dfige Fortbildungen unsere St\u00e4rken und F\u00e4higkeiten.<\/p>\n\n\n\n<p>Wir arbeiten mit den Kindern in Projekten, setzen uns Jahresschwerpunkte, die sich an den Bedarfen und Interessen der Kinder orientieren und die Kinder in ihrer Entwicklung unterst\u00fctzen. Folgende Schwerpunkte haben wir uns f\u00fcr das Kindergartenjahr 2020\/21 gesetzt: Partizipation, Sprache und soziale Kompetenz. Des Weiteren haben wir uns auf den Weg gemacht eine FairTrade-Kita zu werden. Das hei\u00dft, in Form von Projekten (Gartenprojekt, Gestaltung eines insektenfreundlichen-Gartens, usw.) f\u00fchren wir die Kinder an das Thema heran.<\/p>\n\n\n\n<p><strong>Au\u00dferdem sind wir B\u00fccherkindergarten seit 2017. <\/strong>Dies erm\u00f6glicht uns Theater und Autorenbesuche. Die Bilderbuchkisten, die wir regelm\u00e4\u00dfig erhalten, bereichern unsere Arbeit und unterst\u00fctzen die Sprachentwicklung der Kinder.<\/p>\n\n\n\n<p>Das Jahr vor der Schule gestalten wir mit vielen Aktivit\u00e4ten, in der Zusammenarbeit mit unseren Netzwerkpartnern im Stadtteil, sowie mit unterschiedlichen Bildungseinrichtungen. Der gemeinsame Austausch mit den Grundschulen und gemeinsame Aktivit\u00e4ten erm\u00f6glichen einen guten \u00dcbergang von Kita zur Schule.<\/p>\n\n\n\n<p><strong>Regelm\u00e4\u00dfige Angebote: Schwimmgruppe \u2013 Schulprojekte \u2013<\/strong> Religionsp\u00e4dagogische Angebote \u2013 Gemeinsames Fr\u00fchst\u00fcck von Krippe und Kita, regelm\u00e4\u00dfigen Sprachgruppen, einmal im Monat machen wir mit Diakonin oder Pastor*in eine Andacht.<\/p>\n\n\n\n<p>Wie bieten den Kindern t\u00e4glich ein gesundes und abwechslungsreiches Fr\u00fchst\u00fcck und unser Mittagessen wird hausintern durch unsere K\u00f6chin frisch zubereitet. Dabei achten wir auf eine gesunde, abwechslungsreiche und ansprechende Auswahl.<\/p>\n\n\n\n<p>In unserer Krippe \u201eArche Noah\u201c haben wir Platz f\u00fcr 8 Kinder, im Alter von 8 Wochen bis 3 Jahren.<\/p>\n\n\n\n<p>Die Betreuungszeit ist von 8 \u2013 16 Uhr und kann in diesem zeitlichen Rahmen flexibel gestaltet werden. Zurzeit werden die Kinder bei uns von 3 Erzieherinnen und 2 Sozialassistentinnen betreut. Wir arbeiten situativ und richten uns hierbei nach den Bed\u00fcrfnissen Ihrer Kinder, die Sie uns anvertrauen.<\/p>\n\n\n\n<p>Wir m\u00f6chten Ihren Kindern vorrangig Geborgenheit, Verl\u00e4sslichkeit und Raum f\u00fcr individuelle Entwicklung geben. Dar\u00fcber hinaus unternehmen wir Ausfl\u00fcge in die n\u00e4here Umgebung, besuchen das Bilderbuchkino und bieten verschiedene Eltern-Kind-Aktionen an.<\/p>\n\n\n\n<p>Damit Ihr Kind nach seiner Zeit in unserer Krippe selbstsicher und einen bestm\u00f6glichen Weg in unsere Kita bestreiten kann, begleiten wir den \u00dcbergang schon fr\u00fchzeitig w\u00e4hrend der Zeit bei uns, mit Besuchen und Aktivit\u00e4ten mit unseren Kindern und Kolleg*innen der Kita.<\/p>\n\n\n\n<p>Wie in der Kita bieten wir den Kindern t\u00e4glich ein gesundes und abwechslungsreiches Fr\u00fchst\u00fcck und unser Mittagessen wird hausintern durch unsere K\u00f6chin frisch zubereitet. Dabei achten wir auf eine gesunde, abwechslungsreiche und ansprechende Auswahl.<\/p>\n\n\n\n<p><strong>Kita<\/strong>:<br>Friedhofstra\u00dfe 1<br>27576 Bremerhaven<br>Telefon: 04 71 | 8 44 88<br>E-Mail:&nbsp;<a href=\"mailto:kts.archenoah.bremerhaven@evlka.de\">kts.archenoah.bremerhaven[at]evlka.de<\/a><\/p>\n\n\n\n<p><strong>Krippe<\/strong>:<br>Stresemannstra\u00dfe 265<br>27576 Bremerhaven<br>Telefon: 04 71 | 8 44 88<br>E-Mail:&nbsp;<a href=\"mailto:kts.archenoah.bremerhaven@evlka.de\">kts.archenoah.bremerhaven[at]evlka.de<\/a><\/p>\n\n\n\n<p>Einrichtungsleitung: kommissarisch: Kristin Heilemann<br>Stellvertr. Leitung: Marika Kitzmann-Biederbick<\/p>\n\n\n\n<p><a href=\"https:\/\/anmeldung.ki-on.net\/bhv-kita-friedhofstr-1\" data-type=\"link\" data-id=\"https:\/\/anmeldung.ki-on.net\/bhv-kita-friedhofstr-1\">Hier<\/a> gelangen Sie zur Anmeldung f\u00fcr Ihr Kind.<\/p>\n\n\n\n<p><\/p>\n","protected":false},"excerpt":{"rendered":"<p>Kindertagesst\u00e4tte und Krippe \u201eArche Noah\u201c In der Kindertagesst\u00e4tte und Krippe Arche Noah stehen (wie in allen evangelischen Kindertagesst\u00e4tten) die Kinder mit ihren vielf\u00e4ltigen Bed\u00fcrfnissen, aber auch ihren Rechten im Mittelpunkt. Sie sind eingebunden in das Leben unserer Kirchengemeinde, werden gesehen, geh\u00f6rt und gestalten das Gemeindeleben aktiv mit. Die Zusammenarbeit mit Familien, besonders mit Kindern sind [&hellip;]<\/p>\n","protected":false},"author":2,"featured_media":0,"parent":0,"menu_order":0,"comment_status":"closed","ping_status":"closed","template":"","meta":{"footnotes":""},"class_list":["post-517","page","type-page","status-publish","hentry"],"_links":{"self":[{"href":"https:\/\/dionysiusgemeinde-lehe.de\/index.php\/wp-json\/wp\/v2\/pages\/517","targetHints":{"allow":["GET"]}}],"collection":[{"href":"https:\/\/dionysiusgemeinde-lehe.de\/index.php\/wp-json\/wp\/v2\/pages"}],"about":[{"href":"https:\/\/dionysiusgemeinde-lehe.de\/index.php\/wp-json\/wp\/v2\/types\/page"}],"author":[{"embeddable":true,"href":"https:\/\/dionysiusgemeinde-lehe.de\/index.php\/wp-json\/wp\/v2\/users\/2"}],"replies":[{"embeddable":true,"href":"https:\/\/dionysiusgemeinde-lehe.de\/index.php\/wp-json\/wp\/v2\/comments?post=517"}],"version-history":[{"count":2,"href":"https:\/\/dionysiusgemeinde-lehe.de\/index.php\/wp-json\/wp\/v2\/pages\/517\/revisions"}],"predecessor-version":[{"id":520,"href":"https:\/\/dionysiusgemeinde-lehe.de\/index.php\/wp-json\/wp\/v2\/pages\/517\/revisions\/520"}],"wp:attachment":[{"href":"https:\/\/dionysiusgemeinde-lehe.de\/index.php\/wp-json\/wp\/v2\/media?parent=517"}],"curies":[{"name":"wp","href":"https:\/\/api.w.org\/{rel}","templated":true}]}}