{"id":48,"date":"2025-04-03T10:04:06","date_gmt":"2025-04-03T08:04:06","guid":{"rendered":"http:\/\/dionysiusgemeinde-lehe.de\/?page_id=48"},"modified":"2026-03-21T12:45:18","modified_gmt":"2026-03-21T11:45:18","slug":"angebote-senioren","status":"publish","type":"page","link":"https:\/\/dionysiusgemeinde-lehe.de\/index.php\/angebote-senioren\/","title":{"rendered":"Angebote f\u00fcr \u00c4ltere"},"content":{"rendered":"\n<h2 class=\"wp-block-heading\"><strong>Senior*innenkreis<\/strong><\/h2>\n\n\n\n<p>Der Senior*innenkreis trifft sich jeden Donnerstag von 15-17 Uhr im Zentrum Alte Kirche, Stresemannstr. 267. Wir trinken gemeinsam Kaffee (meistens auch&nbsp;mit Kuchen), kl\u00f6nen, singen, spielen ab und an Bingo, gehen zusammen essen und reden \u00fcber Gott und die Welt.<\/p>\n\n\n\n<p>Gelegentlich haben wir Referent*innen zu bestimmten Themen und nehmen daf\u00fcr auch gern Anregungen auf. Gern k\u00f6nnen neue Mitglieder zu uns kommen! Melden Sie sich gerne bei Lilo Eurich, Tel. 9691354.<\/p>\n\n\n\n<figure class=\"wp-block-image size-full has-custom-border\"><img loading=\"lazy\" decoding=\"async\" width=\"1280\" height=\"853\" src=\"https:\/\/dionysiusgemeinde-lehe.de\/wp-content\/uploads\/2025\/04\/9499374.jpg\" alt=\"flowers, tulips, vegetable, petals, nature, beautiful flowers, flower wallpaper, flora, netherlands, flower background, bulb flowers, spring bloomer, spring, white tulips, white flowers\" class=\"wp-image-345\" style=\"border-radius:20px\"\/><\/figure>\n\n\n\n<div style=\"height:73px\" aria-hidden=\"true\" class=\"wp-block-spacer\"><\/div>\n\n\n\n<h2 class=\"wp-block-heading\"><strong>Poesie am Vormittag<\/strong> <\/h2>\n\n\n\n<p>einmal im Monat, jeweils <strong>mittwochs um 10:00 Uhr<\/strong><br><strong>n\u00e4chste Termine:<\/strong> 03.12.25, 07.01.26, 04.02.26<br>(in der Regel der 1. Mittwoch im Monat, Verschiebungen sind m\u00f6glich)<\/p>\n\n\n\n<figure class=\"wp-block-image size-full has-custom-border\"><img loading=\"lazy\" decoding=\"async\" width=\"1280\" height=\"851\" src=\"https:\/\/dionysiusgemeinde-lehe.de\/wp-content\/uploads\/2025\/04\/1283865.jpg\" alt=\"book, pages, chapters, open, open book, book pages, literature, knowledge, wisdom, read, reading, browsing, book, book, book, book, book, reading\" class=\"wp-image-386\" style=\"border-radius:20px\"\/><\/figure>\n\n\n\n<div style=\"height:73px\" aria-hidden=\"true\" class=\"wp-block-spacer\"><\/div>\n\n\n\n<h2 class=\"wp-block-heading\"><strong>Fr\u00fchst\u00fcck im ZA<\/strong>K<\/h2>\n\n\n\n<p class=\"has-contrast-color has-text-color has-link-color has-medium-font-size wp-elements-ae72e5df2c931678e86f311b236ffda5\">Einmal im Monat, jeweils <strong>mittwochs <\/strong>um 9:30 Uhr,<br><br><strong>n\u00e4chste Termine:<\/strong> 15.04.2026, 20.05.2026, 17.06.2026<br>(in der Regel der 3. Mittwoch im Monat \u2013 Verschiebungen sind m\u00f6glich)<\/p>\n\n\n\n<p>Br\u00f6tchen, Butter und Kaffee gibt es von der Gemeinde. F\u00fcr \u201eobendrauf\u201c bringt jede*r etwas mit zum Teilen.<\/p>\n\n\n\n<figure class=\"wp-block-image size-full has-custom-border\"><img loading=\"lazy\" decoding=\"async\" width=\"1600\" height=\"1067\" src=\"https:\/\/dionysiusgemeinde-lehe.de\/wp-content\/uploads\/2025\/04\/ktyoeikx9om.jpg\" alt=\"a white plate topped with different types of food\" class=\"wp-image-346\" style=\"border-radius:20px\"\/><\/figure>\n","protected":false},"excerpt":{"rendered":"<p>Senior*innenkreis Der Senior*innenkreis trifft sich jeden Donnerstag von 15-17 Uhr im Zentrum Alte Kirche, Stresemannstr. 267. Wir trinken gemeinsam Kaffee (meistens auch&nbsp;mit Kuchen), kl\u00f6nen, singen, spielen ab und an Bingo, gehen zusammen essen und reden \u00fcber Gott und die Welt. Gelegentlich haben wir Referent*innen zu bestimmten Themen und nehmen daf\u00fcr auch gern Anregungen auf. Gern [&hellip;]<\/p>\n","protected":false},"author":2,"featured_media":0,"parent":0,"menu_order":0,"comment_status":"closed","ping_status":"closed","template":"","meta":{"footnotes":""},"class_list":["post-48","page","type-page","status-publish","hentry"],"_links":{"self":[{"href":"https:\/\/dionysiusgemeinde-lehe.de\/index.php\/wp-json\/wp\/v2\/pages\/48","targetHints":{"allow":["GET"]}}],"collection":[{"href":"https:\/\/dionysiusgemeinde-lehe.de\/index.php\/wp-json\/wp\/v2\/pages"}],"about":[{"href":"https:\/\/dionysiusgemeinde-lehe.de\/index.php\/wp-json\/wp\/v2\/types\/page"}],"author":[{"embeddable":true,"href":"https:\/\/dionysiusgemeinde-lehe.de\/index.php\/wp-json\/wp\/v2\/users\/2"}],"replies":[{"embeddable":true,"href":"https:\/\/dionysiusgemeinde-lehe.de\/index.php\/wp-json\/wp\/v2\/comments?post=48"}],"version-history":[{"count":21,"href":"https:\/\/dionysiusgemeinde-lehe.de\/index.php\/wp-json\/wp\/v2\/pages\/48\/revisions"}],"predecessor-version":[{"id":1758,"href":"https:\/\/dionysiusgemeinde-lehe.de\/index.php\/wp-json\/wp\/v2\/pages\/48\/revisions\/1758"}],"wp:attachment":[{"href":"https:\/\/dionysiusgemeinde-lehe.de\/index.php\/wp-json\/wp\/v2\/media?parent=48"}],"curies":[{"name":"wp","href":"https:\/\/api.w.org\/{rel}","templated":true}]}}