{"id":45,"date":"2025-04-03T10:03:41","date_gmt":"2025-04-03T08:03:41","guid":{"rendered":"http:\/\/dionysiusgemeinde-lehe.de\/?page_id=45"},"modified":"2026-03-21T12:52:39","modified_gmt":"2026-03-21T11:52:39","slug":"angebote-erwachsene","status":"publish","type":"page","link":"https:\/\/dionysiusgemeinde-lehe.de\/index.php\/angebote-erwachsene\/","title":{"rendered":"Angebote f\u00fcr Gro\u00dfe"},"content":{"rendered":"\n<p class=\"has-contrast-color has-text-color has-link-color wp-elements-3cfd873ebfaf4019aaa64118ef7e2e08\">Nicht nur die Kleinen, sondern auch die &#8222;Gro\u00dfen&#8220; in unseren Familien laden wir herzlich zum Mitmachen ein! <\/p>\n\n\n\n<p class=\"has-contrast-color has-text-color has-link-color wp-elements-037e2a211344cb8ec1de33b2cc762ccb\">Wir treffen uns in verschiedenen Gruppen, um Interessen wiederzuentdecken und Hobbies neu zu entdecken, f\u00fcr die im Alltag h\u00e4ufig nur wenig Zeit bleibt. <\/p>\n\n\n\n<h2 class=\"wp-block-heading\"><strong>Fr\u00fchst\u00fcck im ZAK<\/strong><\/h2>\n\n\n\n<p class=\"has-contrast-color has-text-color has-link-color has-medium-font-size wp-elements-ae72e5df2c931678e86f311b236ffda5\">Einmal im Monat, jeweils <strong>mittwochs <\/strong>um 9:30 Uhr,<br><br><strong>n\u00e4chste Termine:<\/strong> 15.04.2026, 20.05.2026, 17.06.2026<br>(in der Regel der 3. Mittwoch im Monat \u2013 Verschiebungen sind m\u00f6glich)<\/p>\n\n\n\n<p>Br\u00f6tchen, Butter und Kaffee gibt es von der Gemeinde. F\u00fcr \u201eobendrauf\u201c bringt jede*r etwas mit zum Teilen.<\/p>\n\n\n\n<figure class=\"wp-block-image size-full has-custom-border\"><img loading=\"lazy\" decoding=\"async\" width=\"1600\" height=\"1067\" src=\"https:\/\/dionysiusgemeinde-lehe.de\/wp-content\/uploads\/2025\/04\/ktyoeikx9om.jpg\" alt=\"a white plate topped with different types of food\" class=\"wp-image-346\" style=\"border-radius:20px\"\/><\/figure>\n\n\n\n<h2 class=\"wp-block-heading\">Kreativnachmittag<\/h2>\n\n\n\n<p>In gr\u00f6\u00dferen Abst\u00e4nden treffen uns an einem Samstag Nachmittag, um gemeinsam &#8217;saisonbezogen&#8216; kreativ zu werden, zu gestalten, Geschenke zu basteln, zu kl\u00f6nen und einen sch\u00f6nen Nachmittag gemeinsam zu verbringen.<\/p>\n\n\n\n<p>Bei Interesse schreiben Sie uns eine  E-Mail an <br>redaktion[at]dionysiusgemeinde-lehe.de; wir freuen uns!<\/p>\n\n\n\n<figure class=\"wp-block-image size-full has-custom-border\"><img loading=\"lazy\" decoding=\"async\" width=\"1600\" height=\"1067\" src=\"https:\/\/dionysiusgemeinde-lehe.de\/wp-content\/uploads\/2025\/04\/k_bpds338z4.jpg\" alt=\"a table topped with lots of craft supplies\" class=\"wp-image-396\" style=\"border-radius:20px\"\/><\/figure>\n\n\n\n<div style=\"height:57px\" aria-hidden=\"true\" class=\"wp-block-spacer\"><\/div>\n\n\n\n<h2 class=\"wp-block-heading\">Gartengruppe<\/h2>\n\n\n\n<p>Wir haben uns vorgenommen, die Beete rund um Kirche und ZAK (Zentrum Alte Kirche) sch\u00f6ner zu gestalten und bl\u00fchende Freude zu schaffen. Wir treffen uns wetterabh\u00e4ngig, h\u00e4ufig spontan, auch in kleineren Gruppen, um zu pflanzen, zu j\u00e4ten und gemeinsam Zeit an der frischen Luft zu verbringen.<\/p>\n\n\n\n<p>Bei Interesse melden Sie sich gerne telefonisch (U. Theiler, 0176 40095410 und S. Mio, 0176 45904139) oder schreiben Sie uns eine  E-Mail an <br>redaktion[at]dionysiusgemeinde-lehe.de; wir freuen uns! <\/p>\n\n\n\n<figure class=\"wp-block-image size-full has-custom-border\"><img loading=\"lazy\" decoding=\"async\" width=\"1600\" height=\"1060\" src=\"https:\/\/dionysiusgemeinde-lehe.de\/wp-content\/uploads\/2025\/04\/z1sx1vekj2o.jpg\" alt=\"pink-petaled flower\" class=\"wp-image-398\" style=\"border-radius:20px\"\/><\/figure>\n\n\n\n<div style=\"height:57px\" aria-hidden=\"true\" class=\"wp-block-spacer\"><\/div>\n\n\n\n<h2 class=\"wp-block-heading\">Kirchen-Combo<\/h2>\n\n\n\n<p>Gemeinsam Musizieren macht Spa\u00df! Unter der musikalischen Leitung von Pastor Dietmar Meyer l\u00e4uten wir regelm\u00e4\u00dfig freitagabends zur gemeinsamen Probe ab 19:00h das Wochenende ein und sorgen ab und an f\u00fcr den musikalischen Rahmen im Gottesdienst. &#8211; Musikant*innen sind herzlich willkommen!<\/p>\n\n\n\n<p>Bei Interesse melden Sie sich gerne telefonisch bei Pastor Dietmar Meyer, Telefon 0471 300 52 455 oder per E-Mail: pastormeyer[at]gmx.de<\/p>\n\n\n\n<figure class=\"wp-block-image size-full has-custom-border\"><img loading=\"lazy\" decoding=\"async\" width=\"1600\" height=\"1067\" src=\"https:\/\/dionysiusgemeinde-lehe.de\/wp-content\/uploads\/2025\/04\/mel-jjnm7rq.jpg\" alt=\"several guitars beside of side table\" class=\"wp-image-405\" style=\"border-radius:20px\"\/><\/figure>\n\n\n\n<div style=\"height:57px\" aria-hidden=\"true\" class=\"wp-block-spacer\"><\/div>\n\n\n\n<h2 class=\"wp-block-heading\" id=\"Spieleabend\">Spiele-Abend<\/h2>\n\n\n\n<p>Zum regelm\u00e4\u00dfigen Spiele-Abend, jeweils Montags Abends, bringt jede*r Lieblingsspiele mit. &#8211; In unterhaltsamer Runde vergeht der Abend wie im Flug!<\/p>\n\n\n\n<p><strong>N\u00e4chste Termine:<\/strong><br><br>23.03.2026,<br>06.04.2026,<br>2004.2026<br>04.05.2026,<br>18.05.2026<\/p>\n\n\n\n<p>Treffen im <strong>ZAK (Zentrum alte Kirche), Beginn 19:00 Uhr<\/strong><\/p>\n\n\n\n<figure class=\"wp-block-image size-full\"><img loading=\"lazy\" decoding=\"async\" width=\"1280\" height=\"640\" src=\"https:\/\/dionysiusgemeinde-lehe.de\/wp-content\/uploads\/2025\/04\/161377.png\" alt=\"dice, game, luck, gambling, cubes, red, violet, lilac, green, yellow, numbers, dice, dice, dice, dice, dice\" class=\"wp-image-411\"\/><\/figure>\n\n\n\n<h2 class=\"wp-block-heading\">&#8222;Stricken ohne Angst&#8220;<\/h2>\n\n\n\n<p>In gem\u00fctlicher Runde wird Dienstags Abends gestrickt &#8211; jede*r bringt ein Projekt selbst mit; im Austausch und Kl\u00f6n mit den anderen entstehen wahrhafte Meisterwerke!<\/p>\n\n\n\n<p><strong>N\u00e4chste Termine:<\/strong><\/p>\n\n\n\n<p>10.02.2026,<br>24.02.2026,<br>10.03.2026,<br>24.03.2026,<br>07.04.2026,<br>21.04.2026<br>05.05.2026,<br>19.05.2026<\/p>\n\n\n\n<p>Treffen im <strong>ZAK (Zentrum alte Kirche), 17:00 Uhr &#8211; 19:00 Uhr<\/strong><\/p>\n\n\n\n<figure class=\"wp-block-image size-full has-custom-border\"><img loading=\"lazy\" decoding=\"async\" width=\"1600\" height=\"1063\" src=\"https:\/\/dionysiusgemeinde-lehe.de\/wp-content\/uploads\/2025\/04\/zgui6lmdukm.jpg\" alt=\"A close up of a ball of yarn and a pair of scissors\" class=\"wp-image-410\" style=\"border-radius:20px\"\/><\/figure>\n\n\n\n<div style=\"height:54px\" aria-hidden=\"true\" class=\"wp-block-spacer\"><\/div>\n\n\n\n<p>Wenn Sie Lust haben mitzumachen oder einfach einmal vorbeizuschauen, melden Sie sich gern telefonisch im Gemeindeb\u00fcro Tel.&nbsp;0471\/81412 oder schreiben Sie uns eine E-Mail an redaktion[at]dionysiusgemeinde-lehe.de &#8211; wir freuen uns!<br><\/p>\n\n\n\n<p><\/p>\n","protected":false},"excerpt":{"rendered":"<p>Nicht nur die Kleinen, sondern auch die &#8222;Gro\u00dfen&#8220; in unseren Familien laden wir herzlich zum Mitmachen ein! Wir treffen uns in verschiedenen Gruppen, um Interessen wiederzuentdecken und Hobbies neu zu entdecken, f\u00fcr die im Alltag h\u00e4ufig nur wenig Zeit bleibt. Fr\u00fchst\u00fcck im ZAK Einmal im Monat, jeweils mittwochs um 9:30 Uhr, n\u00e4chste Termine: 15.04.2026, 20.05.2026, [&hellip;]<\/p>\n","protected":false},"author":2,"featured_media":0,"parent":0,"menu_order":0,"comment_status":"closed","ping_status":"closed","template":"","meta":{"footnotes":""},"class_list":["post-45","page","type-page","status-publish","hentry"],"_links":{"self":[{"href":"https:\/\/dionysiusgemeinde-lehe.de\/index.php\/wp-json\/wp\/v2\/pages\/45","targetHints":{"allow":["GET"]}}],"collection":[{"href":"https:\/\/dionysiusgemeinde-lehe.de\/index.php\/wp-json\/wp\/v2\/pages"}],"about":[{"href":"https:\/\/dionysiusgemeinde-lehe.de\/index.php\/wp-json\/wp\/v2\/types\/page"}],"author":[{"embeddable":true,"href":"https:\/\/dionysiusgemeinde-lehe.de\/index.php\/wp-json\/wp\/v2\/users\/2"}],"replies":[{"embeddable":true,"href":"https:\/\/dionysiusgemeinde-lehe.de\/index.php\/wp-json\/wp\/v2\/comments?post=45"}],"version-history":[{"count":43,"href":"https:\/\/dionysiusgemeinde-lehe.de\/index.php\/wp-json\/wp\/v2\/pages\/45\/revisions"}],"predecessor-version":[{"id":1768,"href":"https:\/\/dionysiusgemeinde-lehe.de\/index.php\/wp-json\/wp\/v2\/pages\/45\/revisions\/1768"}],"wp:attachment":[{"href":"https:\/\/dionysiusgemeinde-lehe.de\/index.php\/wp-json\/wp\/v2\/media?parent=45"}],"curies":[{"name":"wp","href":"https:\/\/api.w.org\/{rel}","templated":true}]}}