{"id":423,"date":"2025-04-04T21:01:23","date_gmt":"2025-04-04T19:01:23","guid":{"rendered":"http:\/\/dionysiusgemeinde-lehe.de\/?page_id=423"},"modified":"2025-10-25T15:35:44","modified_gmt":"2025-10-25T13:35:44","slug":"glaube-und-leben","status":"publish","type":"page","link":"https:\/\/dionysiusgemeinde-lehe.de\/index.php\/glaube-und-leben\/","title":{"rendered":"Glaube und Leben"},"content":{"rendered":"\n<p><strong>Gedanken aus unserer Gemeinde<\/strong> <\/p>\n\n\n\n<p>Glaube ist mehr als nur ein Teil unseres Lebens \u2013 er durchdringt es. Der christliche Glaube gibt uns Orientierung, Kraft und Hoffnung. Er zeigt uns, wie wir mit den Herausforderungen des Lebens umgehen k\u00f6nnen und wo wir Trost und Geborgenheit finden.<\/p>\n\n\n\n<p>Im Glauben erfahren wir die N\u00e4he Gottes, der uns liebt, uns begleitet und uns st\u00e4rkt. Er fordert uns auf, in Gemeinschaft mit anderen zu leben, f\u00fcreinander da zu sein und in unserem Handeln Liebe und Barmherzigkeit zu zeigen.<\/p>\n\n\n\n<p>Glaube ist kein abstraktes Konzept, sondern etwas, das wir jeden Tag leben k\u00f6nnen \u2013 in unseren Gedanken, Worten und Taten. Er ist eine Quelle der Hoffnung, die uns hilft, auch in schwierigen Zeiten nicht den Mut zu verlieren.<\/p>\n\n\n\n<p><strong>\u201eWer im Glauben lebt, lebt in der Hoffnung.\u201c<\/strong><\/p>\n\n\n\n<figure class=\"wp-block-image size-full is-resized has-custom-border\"><img loading=\"lazy\" decoding=\"async\" width=\"901\" height=\"1200\" src=\"https:\/\/dionysiusgemeinde-lehe.de\/wp-content\/uploads\/2025\/04\/vesuiivvfxe.jpg\" alt=\"a wooden cross with a statue of jesus on it\" class=\"wp-image-425\" style=\"border-radius:20px;width:462px;height:auto\"\/><\/figure>\n\n\n\n<p>Der Glaube begleitet uns in allen Phasen unseres Lebens und gibt uns Orientierung, Trost und Kraft. Er ist nicht nur eine pers\u00f6nliche \u00dcberzeugung, sondern pr\u00e4gt unser t\u00e4gliches Handeln, unsere Beziehungen und unseren Umgang mit Herausforderungen. <\/p>\n\n\n\n<p class=\"has-text-align-right\">(Ulla Theiler)<\/p>\n\n\n\n<div class=\"wp-block-columns is-layout-flex wp-container-core-columns-is-layout-28f84493 wp-block-columns-is-layout-flex\">\n<div class=\"wp-block-column is-layout-flow wp-block-column-is-layout-flow\">\n<h2 class=\"wp-block-heading\"><a href=\"https:\/\/dionysiusgemeinde-lehe.de\/index.php\/glaube\/\" data-type=\"page\" data-id=\"432\">Glaube<\/a><\/h2>\n<\/div>\n\n\n\n<div class=\"wp-block-column is-layout-flow wp-block-column-is-layout-flow\">\n<h2 class=\"wp-block-heading\"><a href=\"https:\/\/dionysiusgemeinde-lehe.de\/index.php\/lebensereignisse\/\" data-type=\"page\" data-id=\"441\">Lebens-ereignisse<\/a><\/h2>\n<\/div>\n\n\n\n<div class=\"wp-block-column is-layout-flow wp-block-column-is-layout-flow\">\n<h2 class=\"wp-block-heading\"><a href=\"https:\/\/dionysiusgemeinde-lehe.de\/index.php\/feiertage\/\" data-type=\"page\" data-id=\"584\">Feiertage<\/a><\/h2>\n<\/div>\n<\/div>\n\n\n\n<div style=\"height:100px\" aria-hidden=\"true\" class=\"wp-block-spacer\"><\/div>\n\n\n\n<p class=\"has-text-align-center\"><a href=\"https:\/\/dionysiusgemeinde-lehe.de\/index.php\/gottesdienste\/\" data-type=\"page\" data-id=\"324\">Gottesdienste in unserer Gemeinde<\/a><\/p>\n\n\n\n<div class=\"wp-block-columns is-layout-flex wp-container-core-columns-is-layout-28f84493 wp-block-columns-is-layout-flex\">\n<div class=\"wp-block-column is-layout-flow wp-block-column-is-layout-flow\"><\/div>\n\n\n\n<div class=\"wp-block-column is-layout-flow wp-block-column-is-layout-flow\"><\/div>\n\n\n\n<div class=\"wp-block-column is-layout-flow wp-block-column-is-layout-flow\"><\/div>\n<\/div>\n","protected":false},"excerpt":{"rendered":"<p>Gedanken aus unserer Gemeinde Glaube ist mehr als nur ein Teil unseres Lebens \u2013 er durchdringt es. Der christliche Glaube gibt uns Orientierung, Kraft und Hoffnung. Er zeigt uns, wie wir mit den Herausforderungen des Lebens umgehen k\u00f6nnen und wo wir Trost und Geborgenheit finden. Im Glauben erfahren wir die N\u00e4he Gottes, der uns liebt, [&hellip;]<\/p>\n","protected":false},"author":2,"featured_media":0,"parent":0,"menu_order":0,"comment_status":"closed","ping_status":"closed","template":"","meta":{"footnotes":""},"class_list":["post-423","page","type-page","status-publish","hentry"],"_links":{"self":[{"href":"https:\/\/dionysiusgemeinde-lehe.de\/index.php\/wp-json\/wp\/v2\/pages\/423","targetHints":{"allow":["GET"]}}],"collection":[{"href":"https:\/\/dionysiusgemeinde-lehe.de\/index.php\/wp-json\/wp\/v2\/pages"}],"about":[{"href":"https:\/\/dionysiusgemeinde-lehe.de\/index.php\/wp-json\/wp\/v2\/types\/page"}],"author":[{"embeddable":true,"href":"https:\/\/dionysiusgemeinde-lehe.de\/index.php\/wp-json\/wp\/v2\/users\/2"}],"replies":[{"embeddable":true,"href":"https:\/\/dionysiusgemeinde-lehe.de\/index.php\/wp-json\/wp\/v2\/comments?post=423"}],"version-history":[{"count":8,"href":"https:\/\/dionysiusgemeinde-lehe.de\/index.php\/wp-json\/wp\/v2\/pages\/423\/revisions"}],"predecessor-version":[{"id":1129,"href":"https:\/\/dionysiusgemeinde-lehe.de\/index.php\/wp-json\/wp\/v2\/pages\/423\/revisions\/1129"}],"wp:attachment":[{"href":"https:\/\/dionysiusgemeinde-lehe.de\/index.php\/wp-json\/wp\/v2\/media?parent=423"}],"curies":[{"name":"wp","href":"https:\/\/api.w.org\/{rel}","templated":true}]}}