{"id":42,"date":"2025-04-03T10:03:21","date_gmt":"2025-04-03T08:03:21","guid":{"rendered":"http:\/\/dionysiusgemeinde-lehe.de\/?page_id=42"},"modified":"2026-03-03T11:25:20","modified_gmt":"2026-03-03T10:25:20","slug":"angebote-junge-familien","status":"publish","type":"page","link":"https:\/\/dionysiusgemeinde-lehe.de\/index.php\/angebote-junge-familien\/","title":{"rendered":"Angebote f\u00fcr Kinder"},"content":{"rendered":"\n<h1 data-wp-context---core-fit-text=\"core\/fit-text::{&quot;fontSize&quot;:&quot;&quot;}\" data-wp-init---core-fit-text=\"core\/fit-text::callbacks.init\" data-wp-interactive data-wp-style--font-size=\"core\/fit-text::context.fontSize\" class=\"wp-block-heading has-text-align-left is-style-default has-fit-text has-large-font-size\"><strong>Kinder- und Familienzeit<\/strong><\/h1>\n\n\n\n<p class=\"has-medium-font-size\">Jeden Mittwoch von 15:30 Uhr \u2013 17:30 Uhr (au\u00dfer in den Ferien) findet im Zentrum Alte Kirche die Kinder- und Familienzeit statt. Das Angebot ist offen f\u00fcr Kinder mit und ohne Begleitung ihrer Eltern aus den Stadtteilen Mitte und Lehe. Wir bieten ein wechselndes Angebot mit Spielen, Bastelaktionen und der M\u00f6glichkeit gemeinsam zu kochen. Abundzu gibt es besondere Highlights, wie Ausfl\u00fcge in der Nachbarschaft oder Gemeindekino. Kinder, die ohne Begleitung kommen, bitte per E-Mail anmelden! (ulf.brunzlow@evlka.de)<\/p>\n\n\n\n<p class=\"has-medium-font-size\">Geleitet wird die Gruppe von Sonja Gronewold und Jugendreferent Ulf Brunzlow.<\/p>\n\n\n\n<figure class=\"wp-block-image size-large is-resized\"><img loading=\"lazy\" decoding=\"async\" width=\"709\" height=\"1024\" src=\"https:\/\/dionysiusgemeinde-lehe.de\/wp-content\/uploads\/2026\/02\/Kinder-und-Familienzeit-2-709x1024.jpg\" alt=\"\" class=\"wp-image-1629\" style=\"width:400px\" srcset=\"https:\/\/dionysiusgemeinde-lehe.de\/wp-content\/uploads\/2026\/02\/Kinder-und-Familienzeit-2-709x1024.jpg 709w, https:\/\/dionysiusgemeinde-lehe.de\/wp-content\/uploads\/2026\/02\/Kinder-und-Familienzeit-2-208x300.jpg 208w, https:\/\/dionysiusgemeinde-lehe.de\/wp-content\/uploads\/2026\/02\/Kinder-und-Familienzeit-2.jpg 720w\" sizes=\"auto, (max-width: 709px) 100vw, 709px\" \/><\/figure>\n\n\n\n<p><\/p>\n\n\n\n<p><\/p>\n\n\n\n<p><\/p>\n\n\n\n<p>Jeden ersten Sonntag findet in der Kreuzkirche ein Kindergottesdienst statt. <a href=\"https:\/\/www.kreuzkirche-bremerhaven.de\/\">https:\/\/www.kreuzkirche-bremerhaven.de\/<\/a><\/p>\n\n\n\n<figure class=\"wp-block-image size-large is-resized\"><img loading=\"lazy\" decoding=\"async\" width=\"709\" height=\"1024\" src=\"https:\/\/dionysiusgemeinde-lehe.de\/wp-content\/uploads\/2026\/01\/Kreuzkirche-Kindergttesdienst-Plakat-1-709x1024.jpg\" alt=\"\" class=\"wp-image-1502\" style=\"width:400px\" srcset=\"https:\/\/dionysiusgemeinde-lehe.de\/wp-content\/uploads\/2026\/01\/Kreuzkirche-Kindergttesdienst-Plakat-1-709x1024.jpg 709w, https:\/\/dionysiusgemeinde-lehe.de\/wp-content\/uploads\/2026\/01\/Kreuzkirche-Kindergttesdienst-Plakat-1-208x300.jpg 208w, https:\/\/dionysiusgemeinde-lehe.de\/wp-content\/uploads\/2026\/01\/Kreuzkirche-Kindergttesdienst-Plakat-1-768x1109.jpg 768w, https:\/\/dionysiusgemeinde-lehe.de\/wp-content\/uploads\/2026\/01\/Kreuzkirche-Kindergttesdienst-Plakat-1-1064x1536.jpg 1064w, https:\/\/dionysiusgemeinde-lehe.de\/wp-content\/uploads\/2026\/01\/Kreuzkirche-Kindergttesdienst-Plakat-1-1418x2048.jpg 1418w, https:\/\/dionysiusgemeinde-lehe.de\/wp-content\/uploads\/2026\/01\/Kreuzkirche-Kindergttesdienst-Plakat-1-scaled.jpg 1773w\" sizes=\"auto, (max-width: 709px) 100vw, 709px\" \/><\/figure>\n\n\n\n<p><\/p>\n\n\n\n<h2 class=\"wp-block-heading\">Angebote f\u00fcr die Kleinsten<\/h2>\n\n\n\n<p><strong>Kinderspielgruppe<\/strong> f\u00fcr die Kleinen: <br>dienstags und donnerstags, jeweils von 9-12 Uhr, <br>wo: Gemeindezentrum Alte Kirche (ZAK), &nbsp;Stresemannstr. 267, 27580 Bremerhaven<\/p>\n\n\n\n<p>Bei Interesse und f\u00fcr weitere Infos: Kerstin Kleemeyer: 0471801586 \/ Silke Keschke: 0471804569<\/p>\n\n\n\n<figure class=\"wp-block-image size-large is-resized has-custom-border\"><img loading=\"lazy\" decoding=\"async\" width=\"768\" height=\"1024\" src=\"https:\/\/dionysiusgemeinde-lehe.de\/wp-content\/uploads\/2025\/04\/xz7mmd5tzwa-1-768x1024.jpg\" alt=\"\" class=\"wp-image-522\" style=\"border-radius:20px;width:360px;height:auto\" srcset=\"https:\/\/dionysiusgemeinde-lehe.de\/wp-content\/uploads\/2025\/04\/xz7mmd5tzwa-1-768x1024.jpg 768w, https:\/\/dionysiusgemeinde-lehe.de\/wp-content\/uploads\/2025\/04\/xz7mmd5tzwa-1-225x300.jpg 225w, https:\/\/dionysiusgemeinde-lehe.de\/wp-content\/uploads\/2025\/04\/xz7mmd5tzwa-1.jpg 900w\" sizes=\"auto, (max-width: 768px) 100vw, 768px\" \/><\/figure>\n\n\n\n<div style=\"height:100px\" aria-hidden=\"true\" class=\"wp-block-spacer\"><\/div>\n\n\n\n<p>Informationen zur <strong>Kita und Krippe &#8222;Arche Noah&#8220;<\/strong> finden Sie <a href=\"https:\/\/dionysiusgemeinde-lehe.de\/index.php\/krippe-und-kita-arche\/\" data-type=\"page\" data-id=\"517\">hier<\/a>.<\/p>\n\n\n\n<div style=\"height:100px\" aria-hidden=\"true\" class=\"wp-block-spacer\"><\/div>\n\n\n\n<h2 class=\"wp-block-heading\">Familienzentrum <\/h2>\n\n\n\n<p>Wir verstehen uns als offenes Haus f\u00fcr alle Familien in unserer Nachbarschaft \u2013 ein Ort der Begegnung, der Beratung und der Unterst\u00fctzung.<\/p>\n\n\n\n<p>Was bietet Ihnen das Familienzentrum?<\/p>\n\n\n\n<p>Wir m\u00f6chten \u00fcber den KRIPPEN &#8211; und KITA \u2013 Alltag hinaus f\u00fcr Sie da sein. Unser Ziel ist es, Ihnen Angebote zu machen, die Ihren Familienalltag bereichern und erleichtern:<\/p>\n\n\n\n<ul class=\"wp-block-list\">\n<li><strong>Beratung und Unterst\u00fctzung:<\/strong> Ob Erziehungsfragen, Unterst\u00fctzung bei Beh\u00f6rdeng\u00e4ngen oder in schwierigen Lebensphasen \u2013 wir haben ein offenes Ohr und vermitteln bei Bedarf an Fachstellen.<\/li>\n\n\n\n<li><strong>Bildung und Kurse:<\/strong> Von Elternabenden bis hin zu gemeinsamen Koch\u2013 oder Bastelworkshops.<\/li>\n\n\n\n<li><strong>Begegnung:<\/strong> In unserem (z.B. Elterncaf\u00e9) k\u00f6nnen Sie ungezwungen andere Eltern treffen, Erfahrungen austauschen oder einfach einen Kaffee genie\u00dfen.<\/li>\n\n\n\n<li><strong>Alters\u00fcbergreifende offene Angebote, Kreativ \u2013 und Spielangebote, Ferienangebote<\/strong><\/li>\n<\/ul>\n\n\n\n<p><\/p>\n\n\n\n<p>Wir freuen uns darauf, Sie und Ihre Kinder bald bei uns begr\u00fc\u00dfen zu d\u00fcrfen!<\/p>\n\n\n\n<p>Ihr Team des Familienzentrums<\/p>\n\n\n\n<p><strong>Ansprechpartner: Sonja Gronewold<\/strong><\/p>\n\n\n\n<p><strong>Friedhofstr. 1d<\/strong><\/p>\n\n\n\n<p><strong>27576 Bremerhaven<\/strong><\/p>\n\n\n\n<p><strong>Tel.: 0471 30940233<\/strong><\/p>\n\n\n\n<p><strong>familienzentrum.neuelandstrasse@yahoo.de<\/strong><\/p>\n\n\n\n<p><\/p>\n\n\n\n<div style=\"height:100px\" aria-hidden=\"true\" class=\"wp-block-spacer\"><\/div>\n\n\n\n<p><strong>Im Winter 2025\/26 gab es:<\/strong><\/p>\n\n\n\n<p>Kunterbunte Kinderzeit statt dunkler Jahreszeit! <\/p>\n\n\n\n<p>Statt dunkler Jahreszeit gibt es bei uns eine kunterbunte Kinderzeit und wir bieten mehr Aktionen f\u00fcr Kinder an. Zus\u00e4tzlich zur Kindergruppe am Mittwoch, gibt es nun alle zwei Wochen am Donnerstag ein weiteres Angebot. Die ersten Termine sind 20.11, 4.12. und 18.12. ! Das Angebot wird von jugendlichen Teamerinnen geleitet. Treffpunkt ist um 16 Uhr das Familienzentrum in der Friedhofstra\u00dfe 1D. Abgeholt werden k\u00f6nnen die Kinder dann im Zentrum Alte Kirche.<\/p>\n\n\n\n<p>Letzter Termin: 5.Februar 2026!<\/p>\n\n\n\n<p><\/p>\n\n\n\n<p><\/p>\n\n\n\n<figure class=\"wp-block-image size-full\"><img loading=\"lazy\" decoding=\"async\" width=\"1005\" height=\"965\" src=\"https:\/\/dionysiusgemeinde-lehe.de\/wp-content\/uploads\/2025\/11\/KuBu-1.png\" alt=\"\" class=\"wp-image-1201\" srcset=\"https:\/\/dionysiusgemeinde-lehe.de\/wp-content\/uploads\/2025\/11\/KuBu-1.png 1005w, https:\/\/dionysiusgemeinde-lehe.de\/wp-content\/uploads\/2025\/11\/KuBu-1-300x288.png 300w, https:\/\/dionysiusgemeinde-lehe.de\/wp-content\/uploads\/2025\/11\/KuBu-1-768x737.png 768w\" sizes=\"auto, (max-width: 1005px) 100vw, 1005px\" \/><\/figure>\n","protected":false},"excerpt":{"rendered":"<p>Kinder- und Familienzeit Jeden Mittwoch von 15:30 Uhr \u2013 17:30 Uhr (au\u00dfer in den Ferien) findet im Zentrum Alte Kirche die Kinder- und Familienzeit statt. Das Angebot ist offen f\u00fcr Kinder mit und ohne Begleitung ihrer Eltern aus den Stadtteilen Mitte und Lehe. Wir bieten ein wechselndes Angebot mit Spielen, Bastelaktionen und der M\u00f6glichkeit gemeinsam [&hellip;]<\/p>\n","protected":false},"author":2,"featured_media":0,"parent":0,"menu_order":0,"comment_status":"closed","ping_status":"closed","template":"","meta":{"footnotes":""},"class_list":["post-42","page","type-page","status-publish","hentry"],"_links":{"self":[{"href":"https:\/\/dionysiusgemeinde-lehe.de\/index.php\/wp-json\/wp\/v2\/pages\/42","targetHints":{"allow":["GET"]}}],"collection":[{"href":"https:\/\/dionysiusgemeinde-lehe.de\/index.php\/wp-json\/wp\/v2\/pages"}],"about":[{"href":"https:\/\/dionysiusgemeinde-lehe.de\/index.php\/wp-json\/wp\/v2\/types\/page"}],"author":[{"embeddable":true,"href":"https:\/\/dionysiusgemeinde-lehe.de\/index.php\/wp-json\/wp\/v2\/users\/2"}],"replies":[{"embeddable":true,"href":"https:\/\/dionysiusgemeinde-lehe.de\/index.php\/wp-json\/wp\/v2\/comments?post=42"}],"version-history":[{"count":33,"href":"https:\/\/dionysiusgemeinde-lehe.de\/index.php\/wp-json\/wp\/v2\/pages\/42\/revisions"}],"predecessor-version":[{"id":1746,"href":"https:\/\/dionysiusgemeinde-lehe.de\/index.php\/wp-json\/wp\/v2\/pages\/42\/revisions\/1746"}],"wp:attachment":[{"href":"https:\/\/dionysiusgemeinde-lehe.de\/index.php\/wp-json\/wp\/v2\/media?parent=42"}],"curies":[{"name":"wp","href":"https:\/\/api.w.org\/{rel}","templated":true}]}}