{"id":36,"date":"2025-04-03T10:02:45","date_gmt":"2025-04-03T08:02:45","guid":{"rendered":"http:\/\/dionysiusgemeinde-lehe.de\/?page_id=36"},"modified":"2025-10-25T16:17:25","modified_gmt":"2025-10-25T14:17:25","slug":"impressum","status":"publish","type":"page","link":"https:\/\/dionysiusgemeinde-lehe.de\/index.php\/impressum\/","title":{"rendered":"Impressum"},"content":{"rendered":"\n<p><strong>Eigent\u00fcmer und Betreiber gem\u00e4\u00df $ 5 TMG<\/strong><\/p>\n\n\n\n<p>Ev.-luth. Dionysiuskirchengemeinde Bremerhaven-Lehe<br>Stresemannstr. 267<br>27580 Bremerhaven<br>Tel. 0471\/81412<br>kg.dionysius.bremerhaven-lehe@evlka.de<\/p>\n\n\n\n<p>Die ev.-luth. Dionysiuskirchengemeinde Bremerhaven-Lehe wird vertreten durch ihren&nbsp;<a href=\"https:\/\/web.archive.org\/web\/20250122072211\/http:\/www.dionysiusgemeinde-lehe.de\/team\/\">Kirchenvorstand<\/a>.<\/p>\n\n\n\n<p><strong>Inhaltlich verantwortlich gem\u00e4\u00df \u00a7 55 Abs. 2 RStV<\/strong><\/p>\n\n\n\n<p>Der \u00d6ffentlichkeitsausschuss der<br>Ev.-luth. Dionysiuskirchengemeinde Bremerhaven-Lehe<\/p>\n\n\n\n<p>Pastorin Lilo Eurich<br>Friedhofstr. 1c<br>27576 Bremerhaven<br>Telefon: 0471 &#8211; 9691354<br>lilo.eurich[at]t-online.de<\/p>\n\n\n\n<p>Pastor Dietmar Meyer<br>Friedhofstr. 1a<br>27576 Bremerhaven<br>Telefon: 0471 &#8211; 300 52 455<br>E-Mail: pastormeyer [at]gmx.de<\/p>\n\n\n\n<p><strong>Die zust\u00e4ndige Datenschutzbeauftragte<\/strong><\/p>\n\n\n\n<p>Carolin Marquardt<br>Kirchenkreisamt Stade<br>Dankersstr. 24<br>21680 Stade<br>Tel. 04141\/518532<br>Carolin.Marquardt[at]evlka.de<\/p>\n\n\n\n<p><strong>Programmierung und Gestaltung<\/strong><\/p>\n\n\n\n<p>Die Redaktionsgruppe der ev.-luth. <br>Dionysiuskirchengemeinde Bremerhaven-Lehe<br>redaktion[at]dionysiusgemeinde-lehe.de<\/p>\n\n\n\n<p><strong>Haftungsausschluss (Disclaimer)<\/strong><\/p>\n\n\n\n<p><strong>Haftung f\u00fcr Inhalte<\/strong><\/p>\n\n\n\n<p>Als Diensteanbieter sind wir gem\u00e4\u00df \u00a7 7 Abs.1 TMG f\u00fcr eigene Inhalte auf diesen Seiten nach den allgemeinen Gesetzen verantwortlich. Nach \u00a7\u00a7 8 bis 10 TMG sind wir als Diensteanbieter jedoch nicht verpflichtet, \u00fcbermittelte oder gespeicherte fremde Informationen zu \u00fcberwachen oder nach Umst\u00e4nden zu forschen, die auf eine rechtswidrige T\u00e4tigkeit hinweisen.<\/p>\n\n\n\n<p>Verpflichtungen zur Entfernung oder Sperrung der Nutzung von Informationen nach den allgemeinen Gesetzen bleiben hiervon unber\u00fchrt. Eine diesbez\u00fcgliche Haftung ist jedoch erst ab dem Zeitpunkt der Kenntnis einer konkreten Rechtsverletzung m\u00f6glich. Bei Bekanntwerden von entsprechenden Rechtsverletzungen werden wir diese Inhalte umgehend entfernen.<\/p>\n\n\n\n<p><strong>Haftung f\u00fcr Links<\/strong><\/p>\n\n\n\n<p>Unser Angebot enth\u00e4lt Links zu externen Webseiten Dritter, auf deren Inhalte wir keinen Einfluss haben. Deshalb k\u00f6nnen wir f\u00fcr diese fremden Inhalte auch keine Gew\u00e4hr \u00fcbernehmen. F\u00fcr die Inhalte der verlinkten Seiten ist stets der jeweilige Anbieter oder Betreiber der Seiten verantwortlich. Die verlinkten Seiten wurden zum Zeitpunkt der Verlinkung auf m\u00f6gliche Rechtsverst\u00f6\u00dfe \u00fcberpr\u00fcft. Rechtswidrige Inhalte waren zum Zeitpunkt der Verlinkung nicht erkennbar.<\/p>\n\n\n\n<p>Eine permanente inhaltliche Kontrolle der verlinkten Seiten ist jedoch ohne konkrete Anhaltspunkte einer Rechtsverletzung nicht zumutbar. Bei Bekanntwerden von Rechtsverletzungen werden wir derartige Links umgehend entfernen.<\/p>\n\n\n\n<p><strong>Urheberrecht<\/strong><\/p>\n\n\n\n<p>Die durch die Seitenbetreiber erstellten Inhalte und Werke auf diesen Seiten unterliegen dem deutschen Urheberrecht. Die Vervielf\u00e4ltigung, Bearbeitung, Verbreitung und jede Art der Verwertung au\u00dferhalb der Grenzen des Urheberrechtes bed\u00fcrfen der schriftlichen Zustimmung des jeweiligen Autors bzw. Erstellers. Downloads und Kopien dieser Seite sind nur f\u00fcr den privaten, nicht kommerziellen Gebrauch gestattet.<\/p>\n\n\n\n<p>Soweit die Inhalte auf dieser Seite nicht vom Betreiber erstellt wurden, werden die Urheberrechte Dritter beachtet. Insbesondere werden Inhalte Dritter als solche gekennzeichnet. Sollten Sie trotzdem auf eine Urheberrechtsverletzung aufmerksam werden, bitten wir um einen entsprechenden Hinweis. Bei Bekanntwerden von Rechtsverletzungen werden wir derartige Inhalte umgehend entfernen.<\/p>\n\n\n\n<p><strong>Bildnachweis<\/strong><\/p>\n\n\n\n<p>Die auf dieser Website verwendeten Bilder wurden entweder von der Plattform <em>Instant Images<\/em> (<a class=\"\" href=\"https:\/\/instantimages.io\">https:\/\/instantimages.io<\/a>) heruntergeladen und sind lizenzfrei verwendbar, oder sie wurden von Gemeindegliedern zur Verf\u00fcgung gestellt. Wir danken den Bildautoren f\u00fcr die Bereitstellung der Fotos!<\/p>\n","protected":false},"excerpt":{"rendered":"<p>Eigent\u00fcmer und Betreiber gem\u00e4\u00df $ 5 TMG Ev.-luth. Dionysiuskirchengemeinde Bremerhaven-LeheStresemannstr. 26727580 BremerhavenTel. 0471\/81412kg.dionysius.bremerhaven-lehe@evlka.de Die ev.-luth. Dionysiuskirchengemeinde Bremerhaven-Lehe wird vertreten durch ihren&nbsp;Kirchenvorstand. Inhaltlich verantwortlich gem\u00e4\u00df \u00a7 55 Abs. 2 RStV Der \u00d6ffentlichkeitsausschuss derEv.-luth. Dionysiuskirchengemeinde Bremerhaven-Lehe Pastorin Lilo EurichFriedhofstr. 1c27576 BremerhavenTelefon: 0471 &#8211; 9691354lilo.eurich[at]t-online.de Pastor Dietmar MeyerFriedhofstr. 1a27576 BremerhavenTelefon: 0471 &#8211; 300 52 455E-Mail: pastormeyer [at]gmx.de Die [&hellip;]<\/p>\n","protected":false},"author":2,"featured_media":0,"parent":0,"menu_order":0,"comment_status":"closed","ping_status":"closed","template":"","meta":{"footnotes":""},"class_list":["post-36","page","type-page","status-publish","hentry"],"_links":{"self":[{"href":"https:\/\/dionysiusgemeinde-lehe.de\/index.php\/wp-json\/wp\/v2\/pages\/36","targetHints":{"allow":["GET"]}}],"collection":[{"href":"https:\/\/dionysiusgemeinde-lehe.de\/index.php\/wp-json\/wp\/v2\/pages"}],"about":[{"href":"https:\/\/dionysiusgemeinde-lehe.de\/index.php\/wp-json\/wp\/v2\/types\/page"}],"author":[{"embeddable":true,"href":"https:\/\/dionysiusgemeinde-lehe.de\/index.php\/wp-json\/wp\/v2\/users\/2"}],"replies":[{"embeddable":true,"href":"https:\/\/dionysiusgemeinde-lehe.de\/index.php\/wp-json\/wp\/v2\/comments?post=36"}],"version-history":[{"count":12,"href":"https:\/\/dionysiusgemeinde-lehe.de\/index.php\/wp-json\/wp\/v2\/pages\/36\/revisions"}],"predecessor-version":[{"id":1148,"href":"https:\/\/dionysiusgemeinde-lehe.de\/index.php\/wp-json\/wp\/v2\/pages\/36\/revisions\/1148"}],"wp:attachment":[{"href":"https:\/\/dionysiusgemeinde-lehe.de\/index.php\/wp-json\/wp\/v2\/media?parent=36"}],"curies":[{"name":"wp","href":"https:\/\/api.w.org\/{rel}","templated":true}]}}