{"id":324,"date":"2025-04-04T13:45:30","date_gmt":"2025-04-04T11:45:30","guid":{"rendered":"http:\/\/dionysiusgemeinde-lehe.de\/?page_id=324"},"modified":"2026-04-11T20:48:26","modified_gmt":"2026-04-11T18:48:26","slug":"gottesdienste","status":"publish","type":"page","link":"https:\/\/dionysiusgemeinde-lehe.de\/index.php\/gottesdienste\/","title":{"rendered":"Gottesdienste und Veranstaltungen"},"content":{"rendered":"\n<div class=\"wp-block-columns alignwide is-layout-flex wp-container-core-columns-is-layout-28f84493 wp-block-columns-is-layout-flex\">\n<div class=\"wp-block-column is-layout-flow wp-block-column-is-layout-flow\" style=\"flex-basis:33.33%\">\n<figure class=\"wp-block-image size-full is-resized has-custom-border\"><img loading=\"lazy\" decoding=\"async\" width=\"300\" height=\"450\" src=\"https:\/\/dionysiusgemeinde-lehe.de\/wp-content\/uploads\/2025\/04\/image-1.jpeg\" alt=\"\" class=\"wp-image-175\" style=\"border-radius:0px;width:361px;height:auto\"\/><\/figure>\n\n\n\n<p><\/p>\n<\/div>\n\n\n\n<div class=\"wp-block-column is-layout-flow wp-block-column-is-layout-flow\" style=\"flex-basis:33.33%\">        <div class=\"ter-kal-block-list\" id=\"ter-kal-block-list1\">\n            <div id=\"eventlist_1\" class=\"eventlist simple_list ter-kal-content\"\n                data-show_time=\"start_end\" data-instance=\"1\">\n                <p class=\"ter_kal_info ter_kal_info_1\"><\/p>\n                <hr>\n                <h4 class=\"eventlist_no_content\">Daten werden geladen, bitte warten<\/h4>\n                <hr>\n            <\/div>\n        <\/div>\n        \n\n\n<p>Die Gottesdienste finden in der Winterkirche bis Ostern im Zentrum Alte Kirche statt <br>(bis auf einige Ausnahmen, siehe Kalender!)<\/p>\n<\/div>\n\n\n\n<div class=\"wp-block-column is-layout-flow wp-block-column-is-layout-flow\" style=\"flex-basis:33.33%\">\n<p><\/p>\n<\/div>\n<\/div>\n\n\n\n<div style=\"height:48px\" aria-hidden=\"true\" class=\"wp-block-spacer\"><\/div>\n\n\n\n<h2 class=\"wp-block-heading\" style=\"font-size:clamp(1.25rem, 1.25rem + ((1vw - 0.2rem) * 1.25), 2rem);\">Momente \u2013 rund um unseren Gottesdienst<\/h2>\n\n\n\n<div class=\"wp-block-columns alignwide is-layout-flex wp-container-core-columns-is-layout-28f84493 wp-block-columns-is-layout-flex\">\n<div class=\"wp-block-column is-layout-flow wp-block-column-is-layout-flow\" style=\"flex-basis:33.33%\">\n<figure class=\"wp-block-image size-large\"><img loading=\"lazy\" decoding=\"async\" width=\"1024\" height=\"768\" src=\"https:\/\/dionysiusgemeinde-lehe.de\/wp-content\/uploads\/2026\/04\/OStern-2026-1024x768.jpg\" alt=\"\" class=\"wp-image-1805\" srcset=\"https:\/\/dionysiusgemeinde-lehe.de\/wp-content\/uploads\/2026\/04\/OStern-2026-1024x768.jpg 1024w, https:\/\/dionysiusgemeinde-lehe.de\/wp-content\/uploads\/2026\/04\/OStern-2026-300x225.jpg 300w, https:\/\/dionysiusgemeinde-lehe.de\/wp-content\/uploads\/2026\/04\/OStern-2026-768x576.jpg 768w, https:\/\/dionysiusgemeinde-lehe.de\/wp-content\/uploads\/2026\/04\/OStern-2026-1536x1152.jpg 1536w, https:\/\/dionysiusgemeinde-lehe.de\/wp-content\/uploads\/2026\/04\/OStern-2026-2048x1536.jpg 2048w\" sizes=\"auto, (max-width: 1024px) 100vw, 1024px\" \/><\/figure>\n<\/div>\n\n\n\n<div class=\"wp-block-column has-global-padding is-layout-constrained wp-container-core-column-is-layout-a546215c wp-block-column-is-layout-constrained\" style=\"padding-top:var(--wp--preset--spacing--10);padding-right:var(--wp--preset--spacing--20);padding-bottom:var(--wp--preset--spacing--10);padding-left:var(--wp--preset--spacing--20);flex-basis:100%\">\n<p><strong>Ostersonntag: Altar in freudevollen Farben<\/strong><\/p>\n\n\n\n<p>\u00dcber Nacht erstrahlte unsere sch\u00f6ne Kirche am Ostersonntag in warmem Goldgelb &#8211; das traurige Schwarz vom Karfreitag hatte K\u00fcster Ilvio Appetecchi ersetzt durch gelbe Blumenstr\u00e4u\u00dfe, Fr\u00fchlingsblument\u00f6pfchen, brennende Kerzen und ein pr\u00e4chtiges Tuch in Orange und Bordeaux. Und passend zur hoffnungsvollen Osterbotschaft, dass Jesus nach der Kreuzigung auferstanden ist, fiel strahlendes Sonnenlicht durch die hohen Fenster. Stammg\u00e4ste haben sich schon vorher auf den Gottesdienst gefreut, denn wieder einmal predigten als eingespieltes Duo ebenso ernsthaft wie humorvoll Lilo Eurich und Werner Keil von der reformierten Gemeinde. Sie interpretierten detailliert ein pr\u00e4chtiges, historisches Bild des auferstandenen Jesus&#8216;. Zum Kirchenkaffee hinterher blieben, obwohl ein leckeres Osteressen zu Hause wartete, noch viele G\u00e4ste zum Austausch zusammen.\u00a0 (B\u00e4rbel Litfin)\u00a0\u00a0<\/p>\n\n\n\n<div style=\"height:87px\" aria-hidden=\"true\" class=\"wp-block-spacer\"><\/div>\n<\/div>\n<\/div>\n\n\n\n<div class=\"wp-block-columns alignwide is-layout-flex wp-container-core-columns-is-layout-28f84493 wp-block-columns-is-layout-flex\">\n<div class=\"wp-block-column is-layout-flow wp-block-column-is-layout-flow\" style=\"flex-basis:33.33%\">\n<figure class=\"wp-block-image size-large\"><img loading=\"lazy\" decoding=\"async\" width=\"1024\" height=\"768\" src=\"https:\/\/dionysiusgemeinde-lehe.de\/wp-content\/uploads\/2026\/04\/Karfreitag-1024x768.jpg\" alt=\"\" class=\"wp-image-1801\" srcset=\"https:\/\/dionysiusgemeinde-lehe.de\/wp-content\/uploads\/2026\/04\/Karfreitag-1024x768.jpg 1024w, https:\/\/dionysiusgemeinde-lehe.de\/wp-content\/uploads\/2026\/04\/Karfreitag-300x225.jpg 300w, https:\/\/dionysiusgemeinde-lehe.de\/wp-content\/uploads\/2026\/04\/Karfreitag-768x576.jpg 768w, https:\/\/dionysiusgemeinde-lehe.de\/wp-content\/uploads\/2026\/04\/Karfreitag-1536x1152.jpg 1536w, https:\/\/dionysiusgemeinde-lehe.de\/wp-content\/uploads\/2026\/04\/Karfreitag-2048x1536.jpg 2048w\" sizes=\"auto, (max-width: 1024px) 100vw, 1024px\" \/><\/figure>\n<\/div>\n\n\n\n<div class=\"wp-block-column has-global-padding is-layout-constrained wp-container-core-column-is-layout-a546215c wp-block-column-is-layout-constrained\" style=\"padding-top:var(--wp--preset--spacing--10);padding-right:var(--wp--preset--spacing--20);padding-bottom:var(--wp--preset--spacing--10);padding-left:var(--wp--preset--spacing--20);flex-basis:100%\">\n<p><strong>Karfreitag: Altar in tiefem Schwarz und hoffnungsvolle Predigt<\/strong><\/p>\n\n\n\n<p>Feierlich in tiefes Schwarz geh\u00fcllt war der Altar am Karfreitag. K\u00fcster Ilvio Appetecchi hatte so die BesucherInnen auf diesen traurigen Tag eingestimmt. Getragene Werke auf der Orgel spielte Folker Froebe. Pastor Dietmar Meyer verstand es, seiner Predigt auch hoffnungsvolle Momente zu geben, obwohl nat\u00fcrlich die Kreuzigung Jesu im Mittelpunkt stand. Meyer sprach zum Beispiel den Wunsch aller Menschen an, wahrgenommen und gesehen zu werden. (B\u00e4rbel Litfin)\u00a0\u00a0<\/p>\n\n\n\n<div style=\"height:87px\" aria-hidden=\"true\" class=\"wp-block-spacer\"><\/div>\n<\/div>\n<\/div>\n\n\n\n<div class=\"wp-block-columns alignwide is-layout-flex wp-container-core-columns-is-layout-28f84493 wp-block-columns-is-layout-flex\">\n<div class=\"wp-block-column is-layout-flow wp-block-column-is-layout-flow\" style=\"flex-basis:33.33%\">\n<figure class=\"wp-block-image size-large is-resized\" style=\"margin-top:var(--wp--preset--spacing--30);margin-bottom:var(--wp--preset--spacing--30)\"><img decoding=\"async\" src=\"https:\/\/dionysiusgemeinde-lehe.de\/wp-content\/uploads\/2026\/01\/altar.png\" alt=\"\" style=\"aspect-ratio:1.500038553473668;width:304px;height:auto\"\/><\/figure>\n<\/div>\n\n\n\n<div class=\"wp-block-column has-global-padding is-layout-constrained wp-container-core-column-is-layout-a546215c wp-block-column-is-layout-constrained\" style=\"padding-top:var(--wp--preset--spacing--10);padding-right:var(--wp--preset--spacing--20);padding-bottom:var(--wp--preset--spacing--10);padding-left:var(--wp--preset--spacing--20);flex-basis:100%\">\n<p><strong>Der besondere &#8222;Altar&#8220;&nbsp;bei der Winterkirche im ZAK<\/strong><\/p>\n\n\n\n<p>Ein ganz besonderer &#8222;Altar&#8220; steht zurzeit im ZAK w\u00e4hrend der Winterkirche. Da die Alte Kirche aus Kostengr\u00fcnden von Januar bis M\u00e4rz nicht beheizt wird, werden die Gottesdienste in den drei kalten Monaten im Zentrum Alte Kirche (Stresemannstra\u00dfe 267) gefeiert. Gem\u00fctlich sitzen die G\u00e4ste zusammen und haben diesen &#8222;Altar&#8220; vor Augen: einen breiten Tisch mit einer feinen wei\u00dfen Tischdecke, darauf ein Kreuz, links und rechts zwei rote Weihnachtssterne, eine Bibel liegt aufgeschlagen davor und in einem Glas brennt eine wei\u00dfe Kerze. Das sieht sehr feierlich aus. (B\u00e4rbel Litfin)&nbsp;&nbsp;<\/p>\n\n\n\n<div style=\"height:87px\" aria-hidden=\"true\" class=\"wp-block-spacer\"><\/div>\n<\/div>\n<\/div>\n\n\n\n<div class=\"wp-block-columns alignwide is-layout-flex wp-container-core-columns-is-layout-28f84493 wp-block-columns-is-layout-flex\">\n<div class=\"wp-block-column is-layout-flow wp-block-column-is-layout-flow\" style=\"flex-basis:33.33%\">\n<figure class=\"wp-block-image size-full has-custom-border\"><img loading=\"lazy\" decoding=\"async\" width=\"1920\" height=\"2560\" src=\"https:\/\/dionysiusgemeinde-lehe.de\/wp-content\/uploads\/2025\/12\/20251130_112741-scaled.jpg\" alt=\"\" class=\"wp-image-1430\" style=\"border-radius:0px\" srcset=\"https:\/\/dionysiusgemeinde-lehe.de\/wp-content\/uploads\/2025\/12\/20251130_112741-scaled.jpg 1920w, https:\/\/dionysiusgemeinde-lehe.de\/wp-content\/uploads\/2025\/12\/20251130_112741-225x300.jpg 225w, https:\/\/dionysiusgemeinde-lehe.de\/wp-content\/uploads\/2025\/12\/20251130_112741-768x1024.jpg 768w, https:\/\/dionysiusgemeinde-lehe.de\/wp-content\/uploads\/2025\/12\/20251130_112741-1152x1536.jpg 1152w, https:\/\/dionysiusgemeinde-lehe.de\/wp-content\/uploads\/2025\/12\/20251130_112741-1536x2048.jpg 1536w\" sizes=\"auto, (max-width: 1920px) 100vw, 1920px\" \/><\/figure>\n<\/div>\n\n\n\n<div class=\"wp-block-column is-layout-flow wp-block-column-is-layout-flow\" style=\"padding-top:var(--wp--preset--spacing--10);padding-right:var(--wp--preset--spacing--60);padding-bottom:var(--wp--preset--spacing--10);padding-left:var(--wp--preset--spacing--60);flex-basis:66.66%\">\n<p><strong>Lied angezeigt &#8211; mit Tannenzweigen<\/strong><\/p>\n\n\n\n<p style=\"margin-top:0;margin-right:0;margin-bottom:0;margin-left:0\">Darauf muss man erst einmal kommen! Unser kreativer K\u00fcster Ilvio Appetecchi hat zum 1. Advent ein Lied, das gesungen wurde, auf der Anschlagtafel mal ganz anders angezeigt: die 11 mit kleinen Tannenzweigen. Da staunten und schmunzelten die Besucher:innen nicht schlecht. Und es gab Applaus &#8211; f\u00fcr diesen witzigen Einfall und die wundersch\u00f6ne Adventsdeko. (B\u00e4rbel Litfin)<\/p>\n<\/div>\n<\/div>\n\n\n\n<div class=\"wp-block-columns alignwide is-layout-flex wp-container-core-columns-is-layout-28f84493 wp-block-columns-is-layout-flex\">\n<div class=\"wp-block-column is-layout-flow wp-block-column-is-layout-flow\" style=\"flex-basis:33.33%\">\n<figure class=\"wp-block-image size-full has-custom-border\"><img loading=\"lazy\" decoding=\"async\" width=\"1920\" height=\"2560\" src=\"https:\/\/dionysiusgemeinde-lehe.de\/wp-content\/uploads\/2025\/11\/20251116_111028-scaled.jpg\" alt=\"\" class=\"wp-image-1336\" style=\"border-radius:0px\" srcset=\"https:\/\/dionysiusgemeinde-lehe.de\/wp-content\/uploads\/2025\/11\/20251116_111028-scaled.jpg 1920w, https:\/\/dionysiusgemeinde-lehe.de\/wp-content\/uploads\/2025\/11\/20251116_111028-225x300.jpg 225w, https:\/\/dionysiusgemeinde-lehe.de\/wp-content\/uploads\/2025\/11\/20251116_111028-768x1024.jpg 768w, https:\/\/dionysiusgemeinde-lehe.de\/wp-content\/uploads\/2025\/11\/20251116_111028-1152x1536.jpg 1152w, https:\/\/dionysiusgemeinde-lehe.de\/wp-content\/uploads\/2025\/11\/20251116_111028-1536x2048.jpg 1536w\" sizes=\"auto, (max-width: 1920px) 100vw, 1920px\" \/><\/figure>\n<\/div>\n\n\n\n<div class=\"wp-block-column is-layout-flow wp-block-column-is-layout-flow\" style=\"padding-top:var(--wp--preset--spacing--30);padding-right:var(--wp--preset--spacing--60);padding-bottom:var(--wp--preset--spacing--30);padding-left:var(--wp--preset--spacing--60);flex-basis:66.66%\">\n<p><strong>Gottesdienst ist zum Auftanken:<\/strong> <br>gemeinsam singen, beten, die Predigt h\u00f6ren\u2026<\/p>\n\n\n\n<p>Auftanken k\u00f6nnen wir auch, wenn wir den Blick auf dem h\u00fcbschen Strau\u00df auf dem Altar ruhen lassen.<\/p>\n\n\n\n<p style=\"border-style:none;border-width:0px\">Im grauen November tun sommergelbe Bl\u00fcten einfach gut. Und dazu strahlt warmes Kerzenlicht.<\/p>\n\n\n\n<p>Da verfliegt der Winterblues doch im Nu. (B\u00e4rbel Litfin)<\/p>\n<\/div>\n<\/div>\n","protected":false},"excerpt":{"rendered":"<p>Die Gottesdienste finden in der Winterkirche bis Ostern im Zentrum Alte Kirche statt (bis auf einige Ausnahmen, siehe Kalender!) Momente \u2013 rund um unseren Gottesdienst Ostersonntag: Altar in freudevollen Farben \u00dcber Nacht erstrahlte unsere sch\u00f6ne Kirche am Ostersonntag in warmem Goldgelb &#8211; das traurige Schwarz vom Karfreitag hatte K\u00fcster Ilvio Appetecchi ersetzt durch gelbe Blumenstr\u00e4u\u00dfe, [&hellip;]<\/p>\n","protected":false},"author":2,"featured_media":0,"parent":0,"menu_order":0,"comment_status":"closed","ping_status":"closed","template":"","meta":{"footnotes":""},"class_list":["post-324","page","type-page","status-publish","hentry"],"_links":{"self":[{"href":"https:\/\/dionysiusgemeinde-lehe.de\/index.php\/wp-json\/wp\/v2\/pages\/324","targetHints":{"allow":["GET"]}}],"collection":[{"href":"https:\/\/dionysiusgemeinde-lehe.de\/index.php\/wp-json\/wp\/v2\/pages"}],"about":[{"href":"https:\/\/dionysiusgemeinde-lehe.de\/index.php\/wp-json\/wp\/v2\/types\/page"}],"author":[{"embeddable":true,"href":"https:\/\/dionysiusgemeinde-lehe.de\/index.php\/wp-json\/wp\/v2\/users\/2"}],"replies":[{"embeddable":true,"href":"https:\/\/dionysiusgemeinde-lehe.de\/index.php\/wp-json\/wp\/v2\/comments?post=324"}],"version-history":[{"count":63,"href":"https:\/\/dionysiusgemeinde-lehe.de\/index.php\/wp-json\/wp\/v2\/pages\/324\/revisions"}],"predecessor-version":[{"id":1806,"href":"https:\/\/dionysiusgemeinde-lehe.de\/index.php\/wp-json\/wp\/v2\/pages\/324\/revisions\/1806"}],"wp:attachment":[{"href":"https:\/\/dionysiusgemeinde-lehe.de\/index.php\/wp-json\/wp\/v2\/media?parent=324"}],"curies":[{"name":"wp","href":"https:\/\/api.w.org\/{rel}","templated":true}]}}