{"id":30,"date":"2025-04-03T10:06:43","date_gmt":"2025-04-03T08:06:43","guid":{"rendered":"http:\/\/dionysiusgemeinde-lehe.de\/?page_id=30"},"modified":"2026-03-21T13:11:21","modified_gmt":"2026-03-21T12:11:21","slug":"team","status":"publish","type":"page","link":"https:\/\/dionysiusgemeinde-lehe.de\/index.php\/team\/","title":{"rendered":"Das Team"},"content":{"rendered":"\n<div class=\"wp-block-group is-layout-grid wp-container-core-group-is-layout-b757edec wp-block-group-is-layout-grid\">\n<figure class=\"wp-block-image size-full wp-container-content-5e2576f9 wp-duotone-unset-1\"><img loading=\"lazy\" decoding=\"async\" width=\"1776\" height=\"2300\" src=\"https:\/\/dionysiusgemeinde-lehe.de\/wp-content\/uploads\/2025\/04\/Eurich.jpg\" alt=\"\" class=\"wp-image-125\" style=\"aspect-ratio:3\/4;object-fit:cover\"\/><\/figure>\n\n\n\n<figure class=\"wp-block-image size-full wp-duotone-unset-2\"><img loading=\"lazy\" decoding=\"async\" width=\"2300\" height=\"2300\" src=\"https:\/\/dionysiusgemeinde-lehe.de\/wp-content\/uploads\/2025\/04\/meyer-1.jpg\" alt=\"\" class=\"wp-image-126\" style=\"aspect-ratio:3\/4;object-fit:cover\"\/><\/figure>\n\n\n\n<p class=\"has-small-font-size wp-container-content-5e2576f9\"><strong>Pastorin <br>Lilo Eurich <\/strong><br><br>Telefon:<br>04 71 | 9 69 13 54 <br>E-Mail:<br> lilo.eurich<br>[at]evlka.de<\/p>\n\n\n\n<p class=\"has-small-font-size wp-container-content-5e2576f9\"><strong>Pastor <br>Dietmar Meyer<\/strong><br>Friedhofstr. 1a <br>27576 Bremerhaven<br>Telefon:<br>0471 | 300 52 455 <br>E-Mail: <br>dietmar.meyer<br>[at]evlka.de<\/p>\n<\/div>\n\n\n\n<p><strong>Unser Kirchenvorstand<\/strong><\/p>\n\n\n\n<figure class=\"wp-block-image size-full wp-duotone-unset-3\"><img loading=\"lazy\" decoding=\"async\" width=\"800\" height=\"600\" src=\"https:\/\/dionysiusgemeinde-lehe.de\/wp-content\/uploads\/2025\/04\/KV_2025-e1741511445228.jpeg\" alt=\"\" class=\"wp-image-252\" style=\"aspect-ratio:4\/3;object-fit:cover\"\/><\/figure>\n\n\n\n<p class=\"has-small-font-size\"><em>Von links nach rechts: <\/em><br><em>Pastor Dietmar Meyer, Harald Helms (Vors. KV), Georg Riemer, Sven Ackermann-Patzig, Lisa Patzig, Monika Henke, Ulrike Weichert, Pastorin Lilo Eurich, Martin Johannsen, Sarah Weigel, Heiko Biederbick<\/em><\/p>\n\n\n\n<p class=\"has-small-font-size wp-container-content-69bc4bdf\"><strong>Vorsitzender des Kirchenvorstands<\/strong><br>Harald Helms <br>Tel.: 0471 | 801312<\/p>\n\n\n\n<p class=\"has-small-font-size\"><strong>Jugendreferent<\/strong><br>Ulf Brunzlow<br>ulf.brunzlow[at]evlka.de<br>Tel.: 0175 | 9501586<\/p>\n\n\n\n<p class=\"has-small-font-size wp-container-content-69bc4bdf\"><strong>Organist und Kirchenmusiker<\/strong><br>Folker Froebe<br>Tel.: 0471 | 200290<\/p>\n\n\n\n<p class=\"has-small-font-size wp-container-content-69bc4bdf\"><strong>K\u00fcster der Gemeinde:<\/strong><br>Ilvio&nbsp;Appetecchi, <br>Tel.: 01 63 | 665 76 38<\/p>\n\n\n\n<p class=\"has-small-font-size wp-container-content-69bc4bdf\"><strong>Gemeindeb\u00fcro<\/strong><br>D\u00f6rte Sengstaken, Gemeindesekret\u00e4rin<br>Tel.: 0471 | 8 14 12<br>kg.dionysius.bremerhaven-lehe[at]evlka.de<\/p>\n\n\n\n<p class=\"has-small-font-size\"><strong>Kindertagesst\u00e4tte Arche Noah<\/strong><br>Friedhofstr. 1<br>Tel.: 0471 | 8 44 88<br>Fax: 0471 | 800 99 70<br>kts.archenoah.bremerhaven@evlka.de<\/p>\n\n\n\n<p class=\"has-small-font-size\"><strong>Redaktionsteam:<\/strong><br>Sven Ackermann, Ulf Brunzlow, Lilo Eurich, B\u00e4rbel Litfin, Dietmar Meyer, Ursula Theiler. <br>E-Mail: redaktion@dionysiusgemeinde-lehe.de<\/p>\n\n\n\n<p class=\"has-small-font-size\"><strong>Ev.-luth. Dionysiuskirchengemeinde<\/strong> <strong>Bremerhaven-Lehe<\/strong><br><strong>Gemeindeb\u00fcro:<\/strong> <br>D\u00f6rte Sengstaken<br><strong>\u00d6ffnungszeiten Gemeindeb\u00fcro:<\/strong><br>Dienstag und Donnerstag:\u00a0 9-12 Uhr<br>Mittwoch: 14-17 Uhr<br><strong>Adresse Gemeindeb\u00fcro:<\/strong><br>Stresemannstr. 267<br>27580 Bremerhaven<br>Tel.: 0471 81412<br><strong>Mail.:<\/strong> <a href=\"mailto:KG.Dionysius.Bremerhaven-Lehe@evlka.de\">KG.Dionysius.Bremerhaven-Lehe@evlka.de<\/a><\/p>\n\n\n\n<p><strong>So erreichen Sie uns:<\/strong><\/p>\n\n\n\n<div class=\"wp-block-columns alignwide has-base-2-background-color has-background is-layout-flex wp-container-core-columns-is-layout-28f84493 wp-block-columns-is-layout-flex\">\n<div class=\"wp-block-column is-layout-flow wp-block-column-is-layout-flow\" style=\"flex-basis:100%\"><div id=\"wpgmza_map\" class=\"wpgmza_map\" data-settings='{\"id\":\"1\",\"map_title\":\"Meine erste Karte\",\"map_width\":\"100\",\"map_height\":\"400\",\"map_start_lat\":\"53.56734374837828\",\"map_start_lng\":\"8.592556005509753\",\"map_start_location\":\"45.950464398418106,-109.81550500000003\",\"map_start_zoom\":\"17\",\"default_marker\":\"\",\"type\":\"0\",\"alignment\":\"4\",\"directions_enabled\":\"0\",\"styling_enabled\":\"0\",\"styling_json\":\"\",\"active\":\"0\",\"kml\":\"\",\"bicycle\":\"0\",\"traffic\":\"0\",\"dbox\":\"0\",\"dbox_width\":\"\",\"listmarkers\":\"0\",\"listmarkers_advanced\":\"0\",\"filterbycat\":\"0\",\"ugm_enabled\":\"0\",\"ugm_category_enabled\":\"0\",\"fusion\":\"\",\"map_width_type\":\"%\",\"map_height_type\":\"px\",\"mass_marker_support\":\"0\",\"ugm_access\":\"0\",\"order_markers_by\":\"0\",\"order_markers_choice\":\"0\",\"show_user_location\":\"0\",\"default_to\":\"\",\"other_settings\":{\"map_type\":1,\"sl_stroke_color\":\"\",\"sl_fill_color\":\"\",\"sl_stroke_opacity\":\"\",\"sl_fill_opacity\":\"\",\"transport_layer\":false,\"action\":\"wpgmza_save_map\",\"redirect_to\":\"\\\/wordpress_kirche\\\/wp-admin\\\/admin-post.php\",\"map_id\":\"1\",\"http_referer\":\"\\\/wordpress_kirche\\\/wp-admin\\\/admin.php?page=wp-google-maps-menu&amp;amp;action=edit&amp;amp;map_id=1\",\"wpgmza_id\":\"1\",\"wpgmza_start_location\":\"53.56734374837828,8.592556005509753\",\"wpgmza_start_zoom\":\"17\",\"store_locator_enabled\":false,\"store_locator_search_area\":\"radial\",\"wpgmza_store_locator_radius_style\":\"legacy\",\"wpgmza_store_locator_default_radius\":\"10\",\"store_locator_auto_area_max_zoom\":\"\",\"store_locator_distance\":false,\"wpgmza_store_locator_position\":false,\"store_locator_show_distance\":false,\"store_locator_category\":false,\"wpgmza_store_locator_use_their_location\":false,\"wpgmza_store_locator_bounce\":false,\"wpgmza_sl_animation\":null,\"wpgmza_store_locator_hide_before_search\":false,\"store_locator_query_string\":\"\",\"store_locator_location_placeholder\":\"\",\"store_locator_default_address\":\"\",\"store_locator_name_search\":false,\"store_locator_name_string\":\"\",\"store_locator_not_found_message\":\"\",\"wpgmza_map_align\":\"1\",\"jump_to_nearest_marker_on_initialization\":false,\"automatically_pan_to_users_location\":false,\"override_users_location_zoom_level\":false,\"override_users_location_zoom_levels\":\"\",\"show_distance_from_location\":false,\"map_max_zoom\":\"21\",\"map_min_zoom\":\"0\",\"click_open_link\":false,\"fit_maps_bounds_to_markers\":false,\"fit_maps_bounds_to_markers_after_filtering\":false,\"hide_point_of_interest\":false,\"wpgmza_zoom_on_marker_click\":false,\"wpgmza_zoom_on_marker_click_slider\":\"\",\"close_infowindow_on_map_click\":false,\"disable_lightbox_images\":false,\"use_Raw_Jpeg_Coordinates\":false,\"disable_polygon_info_windows\":false,\"enable_marker_ratings\":false,\"enable_marker_labels\":false,\"only_load_markers_within_viewport\":false,\"zoom_level_mobile_override_enabled\":false,\"zoom_level_mobile_override\":\"\",\"iw_primary_color\":\"#000000\",\"iw_accent_color\":\"#000000\",\"iw_text_color\":\"#000000\",\"wpgmza_listmarkers_by\":\"0\",\"wpgmza_marker_listing_position\":false,\"zoom_level_on_marker_listing_override\":false,\"zoom_level_on_marker_listing_click\":\"\",\"marker_listing_disable_zoom\":false,\"datatable_no_result_message\":\"\",\"remove_search_box_datables\":false,\"dataTable_pagination_style\":null,\"datatable_search_string\":\"\",\"datatable_result_start\":\"\",\"datatable_result_of\":\"\",\"datatable_result_to\":\"\",\"datatable_result_total\":\"\",\"datatable_result_show\":\"\",\"datatable_result_entries\":\"\",\"wpgmza_savemap\":\"Karte speichern \\u00bb\"}}' data-map-id='1' Data-maps-engine='open-layers' data-shortcode-attributes='{\"id\":\"1\"}' style=\"display:block; overflow:auto; width:100%; height:400px; float:left;\"><\/div><\/div>\n<\/div>\n","protected":false},"excerpt":{"rendered":"<p>Pastorin Lilo Eurich Telefon:04 71 | 9 69 13 54 E-Mail: lilo.eurich[at]evlka.de Pastor Dietmar MeyerFriedhofstr. 1a 27576 BremerhavenTelefon:0471 | 300 52 455 E-Mail: dietmar.meyer[at]evlka.de Unser Kirchenvorstand Von links nach rechts: Pastor Dietmar Meyer, Harald Helms (Vors. KV), Georg Riemer, Sven Ackermann-Patzig, Lisa Patzig, Monika Henke, Ulrike Weichert, Pastorin Lilo Eurich, Martin Johannsen, Sarah Weigel, Heiko [&hellip;]<\/p>\n","protected":false},"author":2,"featured_media":0,"parent":0,"menu_order":0,"comment_status":"closed","ping_status":"closed","template":"","meta":{"footnotes":""},"class_list":["post-30","page","type-page","status-publish","hentry"],"_links":{"self":[{"href":"https:\/\/dionysiusgemeinde-lehe.de\/index.php\/wp-json\/wp\/v2\/pages\/30","targetHints":{"allow":["GET"]}}],"collection":[{"href":"https:\/\/dionysiusgemeinde-lehe.de\/index.php\/wp-json\/wp\/v2\/pages"}],"about":[{"href":"https:\/\/dionysiusgemeinde-lehe.de\/index.php\/wp-json\/wp\/v2\/types\/page"}],"author":[{"embeddable":true,"href":"https:\/\/dionysiusgemeinde-lehe.de\/index.php\/wp-json\/wp\/v2\/users\/2"}],"replies":[{"embeddable":true,"href":"https:\/\/dionysiusgemeinde-lehe.de\/index.php\/wp-json\/wp\/v2\/comments?post=30"}],"version-history":[{"count":38,"href":"https:\/\/dionysiusgemeinde-lehe.de\/index.php\/wp-json\/wp\/v2\/pages\/30\/revisions"}],"predecessor-version":[{"id":1781,"href":"https:\/\/dionysiusgemeinde-lehe.de\/index.php\/wp-json\/wp\/v2\/pages\/30\/revisions\/1781"}],"wp:attachment":[{"href":"https:\/\/dionysiusgemeinde-lehe.de\/index.php\/wp-json\/wp\/v2\/media?parent=30"}],"curies":[{"name":"wp","href":"https:\/\/api.w.org\/{rel}","templated":true}]}}