{"id":2,"date":"2025-04-03T09:03:19","date_gmt":"2025-04-03T07:03:19","guid":{"rendered":"http:\/\/dionysiusgemeinde-lehe.de\/?page_id=2"},"modified":"2026-02-19T19:07:00","modified_gmt":"2026-02-19T18:07:00","slug":"willkommen","status":"publish","type":"page","link":"https:\/\/dionysiusgemeinde-lehe.de\/","title":{"rendered":"Dionysiusgemeinde Bremerhaven"},"content":{"rendered":"\n<div style=\"height:37px\" aria-hidden=\"true\" class=\"wp-block-spacer\"><\/div>\n\n\n\n<div class=\"wp-block-columns alignwide is-layout-flex wp-container-core-columns-is-layout-28f84493 wp-block-columns-is-layout-flex\">\n<div class=\"wp-block-column is-layout-flow wp-block-column-is-layout-flow\">\n<h2 class=\"wp-block-heading has-contrast-color has-text-color has-link-color wp-elements-1f4aa3eccb667e2f26a67ec22e1c1784\" style=\"padding-top:0;padding-right:var(--wp--preset--spacing--10);padding-bottom:0;padding-left:var(--wp--preset--spacing--10);font-size:clamp(0.984rem, 0.984rem + ((1vw - 0.2rem) * 0.86), 1.5rem);\"><strong>Wir begr\u00fc\u00dfen Sie herzlich <\/strong><strong>auf der Homepage der Dionysiusgemeinde Bremerhaven-Lehe<\/strong><\/h2>\n\n\n\n<p style=\"padding-top:var(--wp--preset--spacing--10);padding-right:var(--wp--preset--spacing--10);padding-bottom:var(--wp--preset--spacing--10);padding-left:var(--wp--preset--spacing--10)\">Wir freuen uns \u00fcber Ihren Besuch und w\u00fcnschen Ihnen viel Spa\u00df beim St\u00f6bern auf unserer Website.<\/p>\n\n\n\n<p style=\"margin-top:0;margin-right:var(--wp--preset--spacing--10);margin-bottom:0;margin-left:var(--wp--preset--spacing--10)\">Wenn Sie Fragen haben, sprechen Sie uns gerne an!<br>Unsere Kontaktdaten finden Sie <a href=\"https:\/\/dionysiusgemeinde-lehe.de\/index.php\/kontakt\/\" data-type=\"page\" data-id=\"33\">hier<\/a>.<\/p>\n\n\n\n<div style=\"height:207px\" aria-hidden=\"true\" class=\"wp-block-spacer\"><\/div>\n\n\n\n<h2 class=\"wp-block-heading\" style=\"padding-top:var(--wp--preset--spacing--10);padding-right:var(--wp--preset--spacing--30);padding-bottom:var(--wp--preset--spacing--10);padding-left:var(--wp--preset--spacing--30)\"><strong><a href=\"https:\/\/dionysiusgemeinde-lehe.de\/index.php\/gottesdienste\/\" data-type=\"page\" data-id=\"324\">Gottesdienste und Veranstaltungen<\/a><\/strong><\/h2>\n<\/div>\n\n\n\n<div class=\"wp-block-column is-layout-flow wp-block-column-is-layout-flow\">\n<div class=\"wp-block-cover aligncenter has-custom-content-position is-position-bottom-right\" style=\"min-height:663px;aspect-ratio:unset;\"><img loading=\"lazy\" decoding=\"async\" width=\"1200\" height=\"1600\" class=\"wp-block-cover__image-background wp-image-1414 size-full\" alt=\"\" src=\"https:\/\/dionysiusgemeinde-lehe.de\/wp-content\/uploads\/2025\/12\/IMG-20251021-WA0003.jpg\" data-object-fit=\"cover\" srcset=\"https:\/\/dionysiusgemeinde-lehe.de\/wp-content\/uploads\/2025\/12\/IMG-20251021-WA0003.jpg 1200w, https:\/\/dionysiusgemeinde-lehe.de\/wp-content\/uploads\/2025\/12\/IMG-20251021-WA0003-225x300.jpg 225w, https:\/\/dionysiusgemeinde-lehe.de\/wp-content\/uploads\/2025\/12\/IMG-20251021-WA0003-768x1024.jpg 768w, https:\/\/dionysiusgemeinde-lehe.de\/wp-content\/uploads\/2025\/12\/IMG-20251021-WA0003-1152x1536.jpg 1152w\" sizes=\"auto, (max-width: 1200px) 100vw, 1200px\" \/><span aria-hidden=\"true\" class=\"wp-block-cover__background has-background-dim-0 has-background-dim\" style=\"background-color:#617798\"><\/span><div class=\"wp-block-cover__inner-container has-global-padding is-layout-constrained wp-block-cover-is-layout-constrained\">\n<p><\/p>\n\n\n\n<p><\/p>\n\n\n\n<p><\/p>\n\n\n\n<p><\/p>\n\n\n\n<p><\/p>\n\n\n\n<p class=\"has-text-align-center is-style-default has-base-color has-text-color has-link-color has-medium-font-size wp-elements-e3df5d5ad98f7bd92f0e3b533fa2d075\"><strong>Alte Kirche Bremerhaven-Lehe<\/strong><\/p>\n<\/div><\/div>\n<\/div>\n<\/div>\n\n\n\n<div class=\"wp-block-columns alignwide is-layout-flex wp-container-core-columns-is-layout-28f84493 wp-block-columns-is-layout-flex\">\n<div class=\"wp-block-column is-layout-flow wp-block-column-is-layout-flow\" style=\"padding-top:var(--wp--preset--spacing--40);padding-right:var(--wp--preset--spacing--30);padding-bottom:var(--wp--preset--spacing--40);padding-left:var(--wp--preset--spacing--30);flex-basis:50%\">\n<h2 class=\"wp-block-heading\"><strong>Aktuelles<\/strong><\/h2>\n\n\n\n<div class=\"wp-block-group alignwide is-vertical is-layout-flex wp-container-core-group-is-layout-f98cf28f wp-block-group-is-layout-flex\" style=\"padding-top:0;padding-right:0;padding-bottom:0;padding-left:0\">\n<div class=\"wp-block-query alignwide is-layout-flow wp-block-query-is-layout-flow\"><ul class=\"alignfull wp-block-post-template is-layout-flow wp-container-core-post-template-is-layout-3ee800f6 wp-block-post-template-is-layout-flow\"><li class=\"wp-block-post post-1775 post type-post status-publish format-standard hentry category-allgemein\">\n\n<div class=\"wp-block-group alignfull is-content-justification-space-between is-nowrap is-layout-flex wp-container-core-group-is-layout-154222c2 wp-block-group-is-layout-flex\" style=\"border-bottom-color:var(--wp--preset--color--accent-6);border-bottom-width:1px;padding-top:var(--wp--preset--spacing--30);padding-bottom:var(--wp--preset--spacing--30)\"><h3 style=\"font-size:clamp(0.984rem, 0.984rem + ((1vw - 0.2rem) * 0.86), 1.5rem);\" class=\"wp-block-post-title\"><a href=\"https:\/\/dionysiusgemeinde-lehe.de\/index.php\/2026\/03\/21\/literarischer-emmausgang-am-ostermontag-06-04-2026\/\" target=\"_self\" >Literarischer Emmausgang am Ostermontag &#8211; 06.04.2026<\/a><\/h3><\/div>\n\n<\/li><li class=\"wp-block-post post-1770 post type-post status-publish format-standard hentry category-allgemein\">\n\n<div class=\"wp-block-group alignfull is-content-justification-space-between is-nowrap is-layout-flex wp-container-core-group-is-layout-154222c2 wp-block-group-is-layout-flex\" style=\"border-bottom-color:var(--wp--preset--color--accent-6);border-bottom-width:1px;padding-top:var(--wp--preset--spacing--30);padding-bottom:var(--wp--preset--spacing--30)\"><h3 style=\"font-size:clamp(0.984rem, 0.984rem + ((1vw - 0.2rem) * 0.86), 1.5rem);\" class=\"wp-block-post-title\"><a href=\"https:\/\/dionysiusgemeinde-lehe.de\/index.php\/2026\/03\/21\/brot-und-musik-02-04-2026\/\" target=\"_self\" >Brot und Musik &#8211; 02.04.2026<\/a><\/h3><\/div>\n\n<\/li><li class=\"wp-block-post post-1496 post type-post status-publish format-standard hentry category-allgemein\">\n\n<div class=\"wp-block-group alignfull is-content-justification-space-between is-nowrap is-layout-flex wp-container-core-group-is-layout-154222c2 wp-block-group-is-layout-flex\" style=\"border-bottom-color:var(--wp--preset--color--accent-6);border-bottom-width:1px;padding-top:var(--wp--preset--spacing--30);padding-bottom:var(--wp--preset--spacing--30)\"><h3 style=\"font-size:clamp(0.984rem, 0.984rem + ((1vw - 0.2rem) * 0.86), 1.5rem);\" class=\"wp-block-post-title\"><a href=\"https:\/\/dionysiusgemeinde-lehe.de\/index.php\/2026\/01\/06\/osterfreizeit-fuer-kinder-im-freizeitheim-drangstedt-23-26-03-2026\/\" target=\"_self\" >Osterfreizeit f\u00fcr Kinder im Freizeitheim Drangstedt 23.-26.03.2026<\/a><\/h3><\/div>\n\n<\/li><li class=\"wp-block-post post-944 post type-post status-publish format-standard hentry category-allgemein\">\n\n<div class=\"wp-block-group alignfull is-content-justification-space-between is-nowrap is-layout-flex wp-container-core-group-is-layout-154222c2 wp-block-group-is-layout-flex\" style=\"border-bottom-color:var(--wp--preset--color--accent-6);border-bottom-width:1px;padding-top:var(--wp--preset--spacing--30);padding-bottom:var(--wp--preset--spacing--30)\"><h3 style=\"font-size:clamp(0.984rem, 0.984rem + ((1vw - 0.2rem) * 0.86), 1.5rem);\" class=\"wp-block-post-title\"><a href=\"https:\/\/dionysiusgemeinde-lehe.de\/index.php\/2025\/10\/02\/spieleabend-im-zak-13-10-2025\/\" target=\"_self\" >Spieleabend im ZAK &#8211; 23.03.2026<\/a><\/h3><\/div>\n\n<\/li><li class=\"wp-block-post post-947 post type-post status-publish format-standard hentry category-allgemein\">\n\n<div class=\"wp-block-group alignfull is-content-justification-space-between is-nowrap is-layout-flex wp-container-core-group-is-layout-154222c2 wp-block-group-is-layout-flex\" style=\"border-bottom-color:var(--wp--preset--color--accent-6);border-bottom-width:1px;padding-top:var(--wp--preset--spacing--30);padding-bottom:var(--wp--preset--spacing--30)\"><h3 style=\"font-size:clamp(0.984rem, 0.984rem + ((1vw - 0.2rem) * 0.86), 1.5rem);\" class=\"wp-block-post-title\"><a href=\"https:\/\/dionysiusgemeinde-lehe.de\/index.php\/2025\/10\/02\/fruehstueck-im-zak-15-10-2025\/\" target=\"_self\" >Fr\u00fchst\u00fcck im ZAK &#8211; 15.04.2026<\/a><\/h3><\/div>\n\n<\/li><li class=\"wp-block-post post-1761 post type-post status-publish format-standard hentry category-allgemein\">\n\n<div class=\"wp-block-group alignfull is-content-justification-space-between is-nowrap is-layout-flex wp-container-core-group-is-layout-154222c2 wp-block-group-is-layout-flex\" style=\"border-bottom-color:var(--wp--preset--color--accent-6);border-bottom-width:1px;padding-top:var(--wp--preset--spacing--30);padding-bottom:var(--wp--preset--spacing--30)\"><h3 style=\"font-size:clamp(0.984rem, 0.984rem + ((1vw - 0.2rem) * 0.86), 1.5rem);\" class=\"wp-block-post-title\"><a href=\"https:\/\/dionysiusgemeinde-lehe.de\/index.php\/2026\/03\/21\/kleidersammlung-fuer-bethel\/\" target=\"_self\" >Kleidersammlung f\u00fcr Bethel &#8211; 01.-04.06.2026<\/a><\/h3><\/div>\n\n<\/li><li class=\"wp-block-post post-1643 post type-post status-publish format-standard hentry category-allgemein\">\n\n<div class=\"wp-block-group alignfull is-content-justification-space-between is-nowrap is-layout-flex wp-container-core-group-is-layout-154222c2 wp-block-group-is-layout-flex\" style=\"border-bottom-color:var(--wp--preset--color--accent-6);border-bottom-width:1px;padding-top:var(--wp--preset--spacing--30);padding-bottom:var(--wp--preset--spacing--30)\"><h3 style=\"font-size:clamp(0.984rem, 0.984rem + ((1vw - 0.2rem) * 0.86), 1.5rem);\" class=\"wp-block-post-title\"><a href=\"https:\/\/dionysiusgemeinde-lehe.de\/index.php\/2026\/02\/05\/tauffest-im-weser-strandbad-28-06-2026\/\" target=\"_self\" >Tauffest im Weser-Strandbad &#8211; 28.06.2026<\/a><\/h3><\/div>\n\n<\/li><li class=\"wp-block-post post-1706 post type-post status-publish format-standard hentry category-allgemein\">\n\n<div class=\"wp-block-group alignfull is-content-justification-space-between is-nowrap is-layout-flex wp-container-core-group-is-layout-154222c2 wp-block-group-is-layout-flex\" style=\"border-bottom-color:var(--wp--preset--color--accent-6);border-bottom-width:1px;padding-top:var(--wp--preset--spacing--30);padding-bottom:var(--wp--preset--spacing--30)\"><h3 style=\"font-size:clamp(0.984rem, 0.984rem + ((1vw - 0.2rem) * 0.86), 1.5rem);\" class=\"wp-block-post-title\"><a href=\"https:\/\/dionysiusgemeinde-lehe.de\/index.php\/2026\/02\/20\/konficamp-wittenberg-3-7-august-2026\/\" target=\"_self\" >Konficamp Wittenberg 3.-7. August 2026<\/a><\/h3><\/div>\n\n<\/li><\/ul><\/div>\n<\/div>\n\n\n\n<div style=\"height:11px\" aria-hidden=\"true\" class=\"wp-block-spacer\"><\/div>\n\n\n\n<div style=\"height:68px\" aria-hidden=\"true\" class=\"wp-block-spacer\"><\/div>\n\n\n\n<p class=\"has-text-align-center\" style=\"font-size:clamp(1.092rem, 1.092rem + ((1vw - 0.2rem) * 1.013), 1.7rem);\"><strong>Jahreslosung 2026<\/strong><\/p>\n\n\n\n<h2 class=\"wp-block-heading has-text-align-center has-accent-4-color has-text-color has-link-color wp-elements-1b19d09718273e607b19bea35fa11cb5\" style=\"font-size:clamp(20.515px, 1.282rem + ((1vw - 3.2px) * 1.301), 33px);\"><strong>&#8222;<strong>Gott spricht: <\/strong><\/strong><br><strong><strong>Siehe, ich mache alles neu!&#8220;<\/strong><\/strong><\/h2>\n\n\n\n<p class=\"has-text-align-center\" style=\"font-size:clamp(0.929rem, 0.929rem + ((1vw - 0.2rem) * 0.785), 1.4rem);\">Offenbarung 21,5<\/p>\n\n\n\n<p class=\"has-text-align-center\" style=\"font-size:clamp(0.875rem, 0.875rem + ((1vw - 0.2rem) * 0.042), 0.9rem);\"><br><a href=\"https:\/\/www.kirche-bremen.de\/aktuelles\/presse-service\/texte-fakten\/predigt-zur-jahreslosung-2026\/#:~:text=Er%20macht%20mir%20Mut%2C%20nicht,Blick%20f%C3%BCr%20andere%20nicht%20verlieren.\">Predigt von Kirchenpr\u00e4sident <\/a><br><a href=\"https:\/\/www.kirche-bremen.de\/aktuelles\/presse-service\/texte-fakten\/predigt-zur-jahreslosung-2026\/#:~:text=Er%20macht%20mir%20Mut%2C%20nicht,Blick%20f%C3%BCr%20andere%20nicht%20verlieren.\">Dr. Bernd Kuschnerus zur Jahreslosung 2026 <br>&#8222;Siehe ich mache alles neu&#8220;<\/a>,<br>Bremische Evangelische Kirche<\/p>\n<\/div>\n\n\n\n<div class=\"wp-block-column is-layout-flow wp-block-column-is-layout-flow\" style=\"flex-basis:50%\">\n<figure class=\"wp-block-image size-full\" style=\"margin-top:var(--wp--preset--spacing--10);margin-right:var(--wp--preset--spacing--30);margin-bottom:var(--wp--preset--spacing--10);margin-left:var(--wp--preset--spacing--30)\"><img loading=\"lazy\" decoding=\"async\" width=\"430\" height=\"250\" src=\"https:\/\/dionysiusgemeinde-lehe.de\/wp-content\/uploads\/2026\/01\/Termine-2-e1768864157395.jpg\" alt=\"\" class=\"wp-image-1562\" style=\"aspect-ratio:0.7695358177843307;object-fit:contain\" srcset=\"https:\/\/dionysiusgemeinde-lehe.de\/wp-content\/uploads\/2026\/01\/Termine-2-e1768864157395.jpg 430w, https:\/\/dionysiusgemeinde-lehe.de\/wp-content\/uploads\/2026\/01\/Termine-2-e1768864157395-300x174.jpg 300w\" sizes=\"auto, (max-width: 430px) 100vw, 430px\" \/><\/figure>\n\n\n\n<figure class=\"wp-block-image size-large is-resized\"><img loading=\"lazy\" decoding=\"async\" width=\"551\" height=\"1024\" src=\"https:\/\/dionysiusgemeinde-lehe.de\/wp-content\/uploads\/2026\/02\/20260121_110249-scaled-e1771524294857-551x1024.jpg\" alt=\"\" class=\"wp-image-1697\" style=\"aspect-ratio:0.5380788891432059;width:466px;height:auto\" srcset=\"https:\/\/dionysiusgemeinde-lehe.de\/wp-content\/uploads\/2026\/02\/20260121_110249-scaled-e1771524294857-551x1024.jpg 551w, https:\/\/dionysiusgemeinde-lehe.de\/wp-content\/uploads\/2026\/02\/20260121_110249-scaled-e1771524294857-162x300.jpg 162w, https:\/\/dionysiusgemeinde-lehe.de\/wp-content\/uploads\/2026\/02\/20260121_110249-scaled-e1771524294857-768x1426.jpg 768w, https:\/\/dionysiusgemeinde-lehe.de\/wp-content\/uploads\/2026\/02\/20260121_110249-scaled-e1771524294857-827x1536.jpg 827w, https:\/\/dionysiusgemeinde-lehe.de\/wp-content\/uploads\/2026\/02\/20260121_110249-scaled-e1771524294857.jpg 980w\" sizes=\"auto, (max-width: 551px) 100vw, 551px\" \/><\/figure>\n<\/div>\n<\/div>\n\n\n\n<p><\/p>\n","protected":false},"excerpt":{"rendered":"<p>Wir begr\u00fc\u00dfen Sie herzlich auf der Homepage der Dionysiusgemeinde Bremerhaven-Lehe Wir freuen uns \u00fcber Ihren Besuch und w\u00fcnschen Ihnen viel Spa\u00df beim St\u00f6bern auf unserer Website. Wenn Sie Fragen haben, sprechen Sie uns gerne an!Unsere Kontaktdaten finden Sie hier. Gottesdienste und Veranstaltungen Aktuelles Jahreslosung 2026 &#8222;Gott spricht: Siehe, ich mache alles neu!&#8220; Offenbarung 21,5 Predigt [&hellip;]<\/p>\n","protected":false},"author":2,"featured_media":0,"parent":0,"menu_order":0,"comment_status":"closed","ping_status":"closed","template":"page-no-title","meta":{"footnotes":""},"class_list":["post-2","page","type-page","status-publish","hentry"],"_links":{"self":[{"href":"https:\/\/dionysiusgemeinde-lehe.de\/index.php\/wp-json\/wp\/v2\/pages\/2","targetHints":{"allow":["GET"]}}],"collection":[{"href":"https:\/\/dionysiusgemeinde-lehe.de\/index.php\/wp-json\/wp\/v2\/pages"}],"about":[{"href":"https:\/\/dionysiusgemeinde-lehe.de\/index.php\/wp-json\/wp\/v2\/types\/page"}],"author":[{"embeddable":true,"href":"https:\/\/dionysiusgemeinde-lehe.de\/index.php\/wp-json\/wp\/v2\/users\/2"}],"replies":[{"embeddable":true,"href":"https:\/\/dionysiusgemeinde-lehe.de\/index.php\/wp-json\/wp\/v2\/comments?post=2"}],"version-history":[{"count":171,"href":"https:\/\/dionysiusgemeinde-lehe.de\/index.php\/wp-json\/wp\/v2\/pages\/2\/revisions"}],"predecessor-version":[{"id":1704,"href":"https:\/\/dionysiusgemeinde-lehe.de\/index.php\/wp-json\/wp\/v2\/pages\/2\/revisions\/1704"}],"wp:attachment":[{"href":"https:\/\/dionysiusgemeinde-lehe.de\/index.php\/wp-json\/wp\/v2\/media?parent=2"}],"curies":[{"name":"wp","href":"https:\/\/api.w.org\/{rel}","templated":true}]}}