{"id":1368,"date":"2025-11-26T11:31:34","date_gmt":"2025-11-26T10:31:34","guid":{"rendered":"https:\/\/dionysiusgemeinde-lehe.de\/?page_id=1368"},"modified":"2025-11-26T11:31:34","modified_gmt":"2025-11-26T10:31:34","slug":"willkommen-in-einfacher-sprache","status":"publish","type":"page","link":"https:\/\/dionysiusgemeinde-lehe.de\/index.php\/willkommen-in-einfacher-sprache\/","title":{"rendered":"Willkommen in einfacher Sprache"},"content":{"rendered":"\n<p><strong>Herzlich Willkommen.<\/strong><\/p>\n\n\n\n<p>Sch\u00f6n, dass Sie da sind.<br>Wir hei\u00dfen Sie herzlich Willkommen.<br>Sie geh\u00f6ren jetzt zur Kirchengemeinde Dionysius-Lehe.<\/p>\n\n\n\n<p>Zur Gemeinde geh\u00f6ren viele Menschen.<br>Zum Beispiel:<br>der Kirchenvorstand,<br>der Jugendreferent Ulf Brunzlow,<br>und viele andere.<\/p>\n\n\n\n<p>Alle freuen sich, dass Sie jetzt hier wohnen.<\/p>\n\n\n\n<p>Hoffentlich sind Sie gut in Lehe angekommen.<\/p>\n\n\n\n<p>Hoffentlich f\u00fchlen Sie sich wohl<\/p>\n\n\n\n<p>&#8212;<\/p>\n\n\n\n<p><strong>Ihre Kirche<\/strong><\/p>\n\n\n\n<p>Kennen Sie die Alte Kirche?<br>So sagen die Menschen in Bremerhaven zur Dionysiuskirche in Lehe.<br>Sie d\u00fcrfen die Kirche besuchen.<br>Sie k\u00f6nnen in der Kirche eine Kerze anz\u00fcnden.<br>Sie k\u00f6nnen in der Kirche beten.<br>Sie k\u00f6nnen sich die Kirche ansehen.<br>Sie k\u00f6nnen einen Gottesdienst besuchen.<\/p>\n\n\n\n<p>&#8212;<\/p>\n\n\n\n<p><strong>Das Zentrum Alte Kirche<\/strong><\/p>\n\n\n\n<p>Es gibt auch das Zentrum Alte Kirche.<br>Das Zentrum alte Kirche hei\u00dft kurz ZaK.<br>Das ist in der Stresemannstra\u00dfe 267.<\/p>\n\n\n\n<p>Im ZAK gibt es viele R\u00e4ume.<br>Diese R\u00e4ume geh\u00f6ren zu Ihrer Gemeinde.<br>Sie d\u00fcrfen dort hineingehen.<br>Sie d\u00fcrfen sich alles ansehen.<br>Sie d\u00fcrfen Gruppe und Veranstaltungen besuchen.<\/p>\n\n\n\n<p>Im ZAK ist auch das Kirchenb\u00fcro.<br>Dort arbeitet Frau Sengstaken.<br>Sie ist die Pfarrsekret\u00e4rin.<br>Sie hilft Ihnen.<br>Sie beantwortet Fragen<\/p>\n\n\n\n<p>In dem Umschlag ist auch ein Flyer.<br>In dem Flyer stehen Namen mit Telefonnummern.<br>Diese Menschen k\u00f6nnen Ihnen helfen.<br>Diese Menschen k\u00f6nnen Fragen beantworten.<br>Kommen Sie gerne vorbei.<\/p>\n\n\n\n<p>&#8212;<\/p>\n\n\n\n<p><strong>Herzliche Gr\u00fc\u00dfe<br>Lilo Eurich (Pastorin)<br>Dietmar Meyer (Pastor)<br>Ulf Brunzlow (Jugendreferent)<br>Harald Helms (Vorsitzender vom Kirchenvorstand)<\/strong><\/p>\n\n\n\n<p><\/p>\n","protected":false},"excerpt":{"rendered":"<p>Herzlich Willkommen. Sch\u00f6n, dass Sie da sind.Wir hei\u00dfen Sie herzlich Willkommen.Sie geh\u00f6ren jetzt zur Kirchengemeinde Dionysius-Lehe. Zur Gemeinde geh\u00f6ren viele Menschen.Zum Beispiel:der Kirchenvorstand,der Jugendreferent Ulf Brunzlow,und viele andere. Alle freuen sich, dass Sie jetzt hier wohnen. Hoffentlich sind Sie gut in Lehe angekommen. Hoffentlich f\u00fchlen Sie sich wohl &#8212; Ihre Kirche Kennen Sie die Alte [&hellip;]<\/p>\n","protected":false},"author":3,"featured_media":0,"parent":0,"menu_order":0,"comment_status":"closed","ping_status":"closed","template":"","meta":{"footnotes":""},"class_list":["post-1368","page","type-page","status-publish","hentry"],"_links":{"self":[{"href":"https:\/\/dionysiusgemeinde-lehe.de\/index.php\/wp-json\/wp\/v2\/pages\/1368","targetHints":{"allow":["GET"]}}],"collection":[{"href":"https:\/\/dionysiusgemeinde-lehe.de\/index.php\/wp-json\/wp\/v2\/pages"}],"about":[{"href":"https:\/\/dionysiusgemeinde-lehe.de\/index.php\/wp-json\/wp\/v2\/types\/page"}],"author":[{"embeddable":true,"href":"https:\/\/dionysiusgemeinde-lehe.de\/index.php\/wp-json\/wp\/v2\/users\/3"}],"replies":[{"embeddable":true,"href":"https:\/\/dionysiusgemeinde-lehe.de\/index.php\/wp-json\/wp\/v2\/comments?post=1368"}],"version-history":[{"count":1,"href":"https:\/\/dionysiusgemeinde-lehe.de\/index.php\/wp-json\/wp\/v2\/pages\/1368\/revisions"}],"predecessor-version":[{"id":1369,"href":"https:\/\/dionysiusgemeinde-lehe.de\/index.php\/wp-json\/wp\/v2\/pages\/1368\/revisions\/1369"}],"wp:attachment":[{"href":"https:\/\/dionysiusgemeinde-lehe.de\/index.php\/wp-json\/wp\/v2\/media?parent=1368"}],"curies":[{"name":"wp","href":"https:\/\/api.w.org\/{rel}","templated":true}]}}