{"id":1114,"date":"2025-10-25T15:06:00","date_gmt":"2025-10-25T13:06:00","guid":{"rendered":"https:\/\/dionysiusgemeinde-lehe.de\/?page_id=1114"},"modified":"2025-10-25T15:32:45","modified_gmt":"2025-10-25T13:32:45","slug":"musik","status":"publish","type":"page","link":"https:\/\/dionysiusgemeinde-lehe.de\/index.php\/musik\/","title":{"rendered":"Musik"},"content":{"rendered":"\n<p>In unserer Gemeinde musizieren wir gern und laden herzlich zum Mitmachen ein. Schauen Sie vorbei, schnuppern Sie rein und feiern Sie gemeinsam mit uns die Freude am gemeinsamen Singen und Musizieren!<\/p>\n\n\n\n<div style=\"height:50px\" aria-hidden=\"true\" class=\"wp-block-spacer\"><\/div>\n\n\n\n<h2 class=\"wp-block-heading\">Singkreis<\/h2>\n\n\n\n<p>Gemeinsam singen macht Freude, st\u00e4rkt die Gesundheit und ist eine sch\u00f6ne Weise, unseren Glauben auszudr\u00fccken. <\/p>\n\n\n\n<p>Im gemeinsamen Singkreis der reformierten Kirchengemeinde und der lutherischen Dionysiusgemeinde treffen wir uns jeden 2. und 4. Freitag im Monat zum gemeinsamen Singen unter der Leitung von Hauke Scholten.<\/p>\n\n\n\n<p>Alle, die gerne singen, sind herzlich willkommen. Vorkenntnisse oder eine Vors\u00e4ngerfahrung sind nicht n\u00f6tig. Kommen Sie einfach an einem Probenfreitag vorbei und machen Sie mit. Weitere Informationen bei Pastorin Lilo Eurich, Telefon: 04 71 &#8211; 9 69 13 54, E-Mail: lilo.eurich [at]t-online.de.<\/p>\n\n\n\n<p><a href=\"https:\/\/bremerhaven.reformiert.de\/singkreis.html#:~:text=Der%20gemeinsame%20Singkreis&amp;text=Im%20Besonderen%20geh%C3%B6ren%20Lieder%20von,einem%20Probenfreitag%20kommen%20und%20mitmachen.\">Hier <\/a>geht&#8217;s zur Website des Singkreises.<\/p>\n\n\n\n<figure class=\"wp-block-image size-large is-resized has-custom-border\"><img loading=\"lazy\" decoding=\"async\" width=\"683\" height=\"1024\" src=\"https:\/\/dionysiusgemeinde-lehe.de\/wp-content\/uploads\/2025\/10\/ru4kvqkjg2o-683x1024.jpg\" alt=\"person holding opened song book\" class=\"wp-image-1115\" style=\"border-radius:20px;width:411px;height:auto\" srcset=\"https:\/\/dionysiusgemeinde-lehe.de\/wp-content\/uploads\/2025\/10\/ru4kvqkjg2o-683x1024.jpg 683w, https:\/\/dionysiusgemeinde-lehe.de\/wp-content\/uploads\/2025\/10\/ru4kvqkjg2o-200x300.jpg 200w, https:\/\/dionysiusgemeinde-lehe.de\/wp-content\/uploads\/2025\/10\/ru4kvqkjg2o-768x1152.jpg 768w, https:\/\/dionysiusgemeinde-lehe.de\/wp-content\/uploads\/2025\/10\/ru4kvqkjg2o.jpg 800w\" sizes=\"auto, (max-width: 683px) 100vw, 683px\" \/><\/figure>\n\n\n\n<p><\/p>\n\n\n\n<h2 class=\"wp-block-heading\">Kirchen-Combo<\/h2>\n\n\n\n<p>Gemeinsam Musizieren macht Spa\u00df! Unter der musikalischen Leitung von Pastor Dietmar Meyer l\u00e4uten wir regelm\u00e4\u00dfig freitagabends zur gemeinsamen Probe ab 19:00h das Wochenende ein und sorgen ab und an f\u00fcr den musikalischen Rahmen im Gottesdienst. &#8211; Musikant*innen sind herzlich willkommen!<\/p>\n\n\n\n<p>Bei Interesse melden Sie sich gerne telefonisch bei Pastor Dietmar Meyer, Telefon 0471 300 52 455 oder per E-Mail: pastormeyer[at]gmx.de<\/p>\n\n\n\n<figure class=\"wp-block-image size-full has-custom-border\"><img loading=\"lazy\" decoding=\"async\" width=\"1600\" height=\"1067\" src=\"https:\/\/dionysiusgemeinde-lehe.de\/wp-content\/uploads\/2025\/04\/mel-jjnm7rq.jpg\" alt=\"several guitars beside of side table\" class=\"wp-image-405\" style=\"border-radius:20px\"\/><\/figure>\n\n\n\n<div style=\"height:55px\" aria-hidden=\"true\" class=\"wp-block-spacer\"><\/div>\n\n\n\n<h2 class=\"wp-block-heading\">Wiederkehrendes Krippenspiel<\/h2>\n\n\n\n<p><strong>Krippenspiel-Musical f\u00fcr Kinder<\/strong> <\/p>\n\n\n\n<p>Jedes Jahr laden wir Kinder herzlich ein, beim Krippenspiel-Musical mitzuwirken. Die Proben finden ca. ab Ende November w\u00f6chentlich dienstags von 15:30 bis 16:30 Uhr im Zentrum Alte Kirche (ZAK) statt; Details zu Terminen erfolgen jeweils rechtzeitig. <\/p>\n\n\n\n<p>Geeignet ist das Angebot f\u00fcr Kinder ab der 3. Klasse. F\u00fcr die Kleinen gibt es altersgerechte Rollen, die im Dezember mitgeprobt werden. Die jeweilige Auff\u00fchrung erfolgt im Festgottesdienst rund um Weihnachten.<\/p>\n\n\n\n<p>Das Musical verbindet Singen (Solo und Chor), Schauspiel und viel Spa\u00df sowie Gemeinschaftserlebnis. Die Proben und die Durchf\u00fchrung werden von Claudia Mauritius, Dietmar Meyer (Pastor) und einem jugendlichen Team begleitet. <\/p>\n\n\n\n<p>Wer mitmachen m\u00f6chte \u2013 herzlich willkommen, Kinder und Eltern!<\/p>\n\n\n\n<p>Hinweis: Die konkreten Termine werden rechtzeitig bekanntgegeben und k\u00f6nnen sich von Jahr zu Jahr \u00e4ndern.<\/p>\n\n\n\n<figure class=\"wp-block-image size-large is-resized has-custom-border\"><img loading=\"lazy\" decoding=\"async\" width=\"1024\" height=\"683\" src=\"https:\/\/dionysiusgemeinde-lehe.de\/wp-content\/uploads\/2025\/10\/rtv9_n3cwkg-1024x683.jpg\" alt=\"a wooden bench with a cloth draped over it in front of a stained glass window\" class=\"wp-image-1125\" style=\"border-radius:20px;width:626px;height:auto\" srcset=\"https:\/\/dionysiusgemeinde-lehe.de\/wp-content\/uploads\/2025\/10\/rtv9_n3cwkg-1024x683.jpg 1024w, https:\/\/dionysiusgemeinde-lehe.de\/wp-content\/uploads\/2025\/10\/rtv9_n3cwkg-300x200.jpg 300w, https:\/\/dionysiusgemeinde-lehe.de\/wp-content\/uploads\/2025\/10\/rtv9_n3cwkg-768x512.jpg 768w, https:\/\/dionysiusgemeinde-lehe.de\/wp-content\/uploads\/2025\/10\/rtv9_n3cwkg-1536x1024.jpg 1536w, https:\/\/dionysiusgemeinde-lehe.de\/wp-content\/uploads\/2025\/10\/rtv9_n3cwkg.jpg 1600w\" sizes=\"auto, (max-width: 1024px) 100vw, 1024px\" \/><\/figure>\n","protected":false},"excerpt":{"rendered":"<p>In unserer Gemeinde musizieren wir gern und laden herzlich zum Mitmachen ein. Schauen Sie vorbei, schnuppern Sie rein und feiern Sie gemeinsam mit uns die Freude am gemeinsamen Singen und Musizieren! Singkreis Gemeinsam singen macht Freude, st\u00e4rkt die Gesundheit und ist eine sch\u00f6ne Weise, unseren Glauben auszudr\u00fccken. Im gemeinsamen Singkreis der reformierten Kirchengemeinde und der [&hellip;]<\/p>\n","protected":false},"author":2,"featured_media":0,"parent":0,"menu_order":0,"comment_status":"closed","ping_status":"closed","template":"","meta":{"footnotes":""},"class_list":["post-1114","page","type-page","status-publish","hentry"],"_links":{"self":[{"href":"https:\/\/dionysiusgemeinde-lehe.de\/index.php\/wp-json\/wp\/v2\/pages\/1114","targetHints":{"allow":["GET"]}}],"collection":[{"href":"https:\/\/dionysiusgemeinde-lehe.de\/index.php\/wp-json\/wp\/v2\/pages"}],"about":[{"href":"https:\/\/dionysiusgemeinde-lehe.de\/index.php\/wp-json\/wp\/v2\/types\/page"}],"author":[{"embeddable":true,"href":"https:\/\/dionysiusgemeinde-lehe.de\/index.php\/wp-json\/wp\/v2\/users\/2"}],"replies":[{"embeddable":true,"href":"https:\/\/dionysiusgemeinde-lehe.de\/index.php\/wp-json\/wp\/v2\/comments?post=1114"}],"version-history":[{"count":6,"href":"https:\/\/dionysiusgemeinde-lehe.de\/index.php\/wp-json\/wp\/v2\/pages\/1114\/revisions"}],"predecessor-version":[{"id":1126,"href":"https:\/\/dionysiusgemeinde-lehe.de\/index.php\/wp-json\/wp\/v2\/pages\/1114\/revisions\/1126"}],"wp:attachment":[{"href":"https:\/\/dionysiusgemeinde-lehe.de\/index.php\/wp-json\/wp\/v2\/media?parent=1114"}],"curies":[{"name":"wp","href":"https:\/\/api.w.org\/{rel}","templated":true}]}}