{"id":1000,"date":"2025-10-08T19:05:41","date_gmt":"2025-10-08T17:05:41","guid":{"rendered":"https:\/\/dionysiusgemeinde-lehe.de\/?page_id=1000"},"modified":"2026-04-11T20:54:09","modified_gmt":"2026-04-11T18:54:09","slug":"das-hat-spass-gemacht","status":"publish","type":"page","link":"https:\/\/dionysiusgemeinde-lehe.de\/index.php\/das-hat-spass-gemacht\/","title":{"rendered":"R\u00fcckblicke"},"content":{"rendered":"\n<p>Ein Blick zur\u00fcck lohnt sich: Unsere vergangenen Veranstaltungen zeigen, wie viel Freude gemeinsames Erleben macht. Hier finden Sie Impressionen und Highlights.<\/p>\n\n\n\n<h2 class=\"wp-block-heading\">Gottesdienst mit literarischem Emmausgang am Ostermontag<\/h2>\n\n\n\n<p>Eine besondere Veranstaltung erwartete die BesucherInnen in der Kirche am Ostermontag: ein literarischer Emmausgang mit Schriftstellerin Annie Sonnenberg. Sie lebt in Braunschweig, war mit ihrem Ehemann am fr\u00fchen Morgen losgefahren &#8211; zur\u00fcck in die Heimatstadt und Heimatkirche, denn in der Alten Kirche wurde sie getauft und konfirmiert. Mit freundlicher, klarer Stimme las sie mehrere Texte vor, die sich im weiteren Sinne mit der Auferstehung besch\u00e4ftigten &#8211; immer schlug sie inhaltlich einen Bogen zur heutigen Zeit, so dass jeder pers\u00f6nliche Denkanst\u00f6\u00dfe mitnehmen konnte, stimmungsvoll mit Teelicht in der Hand. Organist Folker Froebe spielte sogar auf der Laute, Pastor Dietmar Meyer wie immer Gitarre, unter anderem wurde Neil Diamonds Hit &#8222;Beautiful Noise&#8220; gemeinsam gesungen. Zum Schluss spazierten alle zum ZAK, wo Tische im gro\u00dfen Rund zur Kaffeetafel zusammengestellt waren. Annie Sonnenberg lie\u00df sich nicht lange bitten und las als Zugabe eine Kurzgeschichte \u00fcber eine Schwimmerin in gro\u00dfer Gefahr vor. B\u00e4rbel Litfin\u00a0 \u00a0<\/p>\n\n\n\n<h2 class=\"wp-block-heading\">Abendmahl an Gr\u00fcndonnerstag<\/h2>\n\n\n\n<p style=\"font-size:clamp(0.875rem, 0.875rem + ((1vw - 0.2rem) * 0.708), 1.3rem);\"><strong>&#8222;Brot und Musik&#8220; mit Liedern, Gespr\u00e4chen und Buffet&nbsp;<\/strong>(02.04.2026)<\/p>\n\n\n\n<p>&#8222;Brot und Musik&#8220;, das ist das besondere Abendmahl am Gr\u00fcndonnerstag &#8211; unter den Stammg\u00e4sten geradezu Kult, sie lassen es nie aus. Auch diesmal dauerte der Abend l\u00e4nger als geplant, weil sich alle G\u00e4ste so wohl f\u00fchlten. Allein die einf\u00fchlsame, handgemachte Musik mit Gitarren und Fl\u00fcgel lohnte den Besuch: Das Trio Mindestens Drei (von links:Colja Cordes, Guido Weber, Dietmar Meyer) spielte Lieder mit nachdenklichen Texten, die an Klaus Hoffmann und Reinhard Mey erinnerten. Zum Schluss stie\u00df Maren Pundschus mit ihrem Saxophon dazu. Herzlicher Applaus war dem gut gelaunten Quartett nach jedem Song sicher.<\/p>\n\n\n\n<p class=\"has-text-align-left\">Das Thema des Abends, wie immer locker und humorvoll von Pastor Dietmar Meyer moderiert, lautete &#8222;Was mir Kraft gibt&#8220;. Wer mochte, meldete sich zu Wort &#8211; Meyer ging mit dem Mikrofon herum -, aber es durfte auch einfach nur zugeh\u00f6rt und nachgedacht werden. Die ganz unterschiedlichen Antworten reichten von Familie mit Enkeln, gute Gespr\u00e4che mit Freunden, Gottesdienst unter lauter netten Leuten bis hin zu Musik oder Kartoffeln als Erinnerung an die Mutter. Zu essen gab es an diesem Abend auch Leckeres: Alle G\u00e4ste brachten f\u00fcr das Buffet vor dem Altar Brot mit &#8211; selbstgebackenes oder gekaufte Lieblingssorte, dunkel und hell, mit K\u00f6rnern oder N\u00fcssen, zum Draufstreichen Butter, veganes Schmalz und w\u00fcrzige Cremes. Dass &#8222;Brot und Musik&#8220; nach erneuter Wiederholung rief, da waren sich die G\u00e4ste einig. (B\u00e4rbel Litfin)&nbsp; &nbsp;<\/p>\n\n\n\n<figure class=\"wp-block-image size-large is-resized\"><img loading=\"lazy\" decoding=\"async\" width=\"878\" height=\"1024\" src=\"https:\/\/dionysiusgemeinde-lehe.de\/wp-content\/uploads\/2026\/04\/Brot-und-Musik.png-scaled-e1775568169991-878x1024.jpg\" alt=\"\" class=\"wp-image-1795\" style=\"aspect-ratio:0.8574453832357326;width:597px;height:auto\" srcset=\"https:\/\/dionysiusgemeinde-lehe.de\/wp-content\/uploads\/2026\/04\/Brot-und-Musik.png-scaled-e1775568169991-878x1024.jpg 878w, https:\/\/dionysiusgemeinde-lehe.de\/wp-content\/uploads\/2026\/04\/Brot-und-Musik.png-scaled-e1775568169991-257x300.jpg 257w, https:\/\/dionysiusgemeinde-lehe.de\/wp-content\/uploads\/2026\/04\/Brot-und-Musik.png-scaled-e1775568169991-768x895.jpg 768w, https:\/\/dionysiusgemeinde-lehe.de\/wp-content\/uploads\/2026\/04\/Brot-und-Musik.png-scaled-e1775568169991-1318x1536.jpg 1318w, https:\/\/dionysiusgemeinde-lehe.de\/wp-content\/uploads\/2026\/04\/Brot-und-Musik.png-scaled-e1775568169991.jpg 1720w\" sizes=\"auto, (max-width: 878px) 100vw, 878px\" \/><\/figure>\n\n\n\n<h2 class=\"wp-block-heading\">Begr\u00fc\u00dfung der neuen Konfis<\/h2>\n\n\n\n<p><strong>mit Luftballons und G\u00f6tterspeise<\/strong><\/p>\n\n\n\n<p>Voll wie zu Weihnachten oder Ostern war die Alte Kirche am Sonntag, 8. Februar, beim Begr\u00fc\u00dfungsgottesdienst der neuen KonfirmandInnen. Pastor Dietmar Meyer war begeistert. Die modernen Lieder, die er auf der Gitarre und Organist Folker Froebe am Fl\u00fcgel begleiteten wie \u201eGod is so good\u201c (Gott ist so gut) oder \u201eTake a Rest\u201c (G\u00f6nn Dir eine Pause) gingen sofort ins Ohr und in die F\u00fc\u00dfe, es wurde entspannt mitgewippt.<\/p>\n\n\n\n<p>Tolle Aktion f\u00fcr Spa\u00df und Tiefgang: Bunte Luftballons wurden an die Jugendlichen verteilt, die pusteten sie auf und schrieben ihnen wichtige W\u00f6rter drauf. Dann kletterten sie die enge Treppe hoch auf die Galerie neben der Orgel, schauten l\u00e4chelnd runter und lie\u00dfen die Ballons schweben. Unter schnappten sich Besucher:innen die bunten B\u00e4lle &#8211; und mussten erst einmal lesen und nachdenken \u00fcber die Begriffe, die draufgeschrieben wurden wie Weg, Vertrauen, Freunde, Miteinander. Wer wollte, sagte eigene Gedanken dazu, Pastor Meyer ging mit dem Mikrofon herum. Ein kleines M\u00e4dchen lie\u00df sogar ihren Teddy liegen und spielte gedankenversunken mit einem Luftballon.<\/p>\n\n\n\n<p>Nach dem Gottesdienst \u00fcberraschten die Konfis die G\u00e4ste mit &#8211; Achtung! Wortspiel! &#8211; G\u00f6tterspeise. Den guten alten Wackelpudding gab es in Rot und Gr\u00fcn mit Vanilleso\u00dfe. Wen wundert&#8217;s: Die gro\u00dfen Schalen waren im Nu leer. <\/p>\n\n\n\n<p>(B\u00e4rbel Litfin)<\/p>\n\n\n\n<figure class=\"wp-block-image size-large is-resized\"><img loading=\"lazy\" decoding=\"async\" width=\"768\" height=\"1024\" src=\"https:\/\/dionysiusgemeinde-lehe.de\/wp-content\/uploads\/2026\/02\/balloons-768x1024.jpeg\" alt=\"\" class=\"wp-image-1676\" style=\"aspect-ratio:0.7500094507239254;width:272px;height:auto\" srcset=\"https:\/\/dionysiusgemeinde-lehe.de\/wp-content\/uploads\/2026\/02\/balloons-768x1024.jpeg 768w, https:\/\/dionysiusgemeinde-lehe.de\/wp-content\/uploads\/2026\/02\/balloons-225x300.jpeg 225w, https:\/\/dionysiusgemeinde-lehe.de\/wp-content\/uploads\/2026\/02\/balloons-1152x1536.jpeg 1152w, https:\/\/dionysiusgemeinde-lehe.de\/wp-content\/uploads\/2026\/02\/balloons.jpeg 1440w\" sizes=\"auto, (max-width: 768px) 100vw, 768px\" \/><\/figure>\n\n\n\n<h2 class=\"wp-block-heading\">Einmal im Monat am Mittwoch: Muntere Fr\u00fchst\u00fccksrunde im ZAK<\/h2>\n\n\n\n<figure class=\"wp-block-image size-full is-resized\"><img loading=\"lazy\" decoding=\"async\" width=\"162\" height=\"108\" src=\"https:\/\/dionysiusgemeinde-lehe.de\/wp-content\/uploads\/2026\/02\/download.png\" alt=\"\" class=\"wp-image-1619\" style=\"width:273px;height:auto\"\/><\/figure>\n\n\n\n<p>Dieses wundersch\u00f6ne Kalenderblatt h\u00e4ngt jetzt im ZAK im K\u00fcchenraum. <\/p>\n\n\n\n<p>\u00dcber dem zarten Pfl\u00e4nzchen, das aus der Erde krabbelt, steht die Jahreslosung 2026: &#8222;Gott spricht: Siehe, ich mache alles neu!&#8220; (Offenbarung 21,5). <\/p>\n\n\n\n<p>Ein toller Blickfang f\u00fcr die monatliche Fr\u00fchst\u00fccksrunde im Zentrum Alte Kirche (Stresemannstra\u00dfe 267), die sich im neuen Jahr erstmals am Mittwoch, 21. Januar, traf. An gro\u00dfen Tischen sitzen alle gem\u00fctlich beisammen und plaudern angeregt &#8211; wenn sie nicht gerade kauen. Die Alte Kirche spendiert Br\u00f6tchen, Butter, Kaffee und Tee. Und die G\u00e4ste bringen etwas mit, was ein Br\u00f6tchen erst lecker macht: selbstgemachte Marmelade, Honig, Schokocreme, K\u00e4se, Brie, Wurst, w\u00fcrzige Creme&#8230; Diesmal gab es auch Paprikastreifen und leckeren Obstsalat mit Agaven Dicksaft (falls es zu sauer schmeckt). Das n\u00e4chste Mal trifft sich die muntere Fr\u00fchst\u00fccks-Kl\u00f6nschnack-Runde am Mittwoch, 18. Februar, 9.30 Uhr. Herzlich willkommen! <\/p>\n\n\n\n<p>(B\u00e4rbel Litfin)<\/p>\n\n\n\n<div style=\"height:33px\" aria-hidden=\"true\" class=\"wp-block-spacer\"><\/div>\n\n\n\n<h2 class=\"wp-block-heading\">Caf\u00e9-Gottesdienst in der Winterkirche im ZAK &#8211; 18.01.2026<\/h2>\n\n\n\n<figure class=\"wp-block-image size-full is-resized\"><img loading=\"lazy\" decoding=\"async\" width=\"162\" height=\"108\" src=\"https:\/\/dionysiusgemeinde-lehe.de\/wp-content\/uploads\/2026\/01\/kuchentisch.png\" alt=\"\" class=\"wp-image-1546\" style=\"width:279px;height:auto\"\/><\/figure>\n\n\n\n<p>Platz ist in der kleinsten H\u00fctte &#8211; auch f\u00fcr die gem\u00fctliche Winterkirche im Zentrum Alte Kirche. Von Januar bis M\u00e4rz wird die gro\u00dfe Kirche aus Kostengr\u00fcnden nicht beheizt, aber im ZAK muss niemand frieren. Und die Glocken erklingen wie immer feierlich&nbsp;kurz vor 10 Uhr.<\/p>\n\n\n\n<p>Beim 3. Mal am 18. Januar wurde im ZAK ein Caf\u00e9-Gottesdienst gefeiert. Die St\u00fchle waren nicht in Reihen hintereinander aufgestellt, sondern um gr\u00f6\u00dfere Tische, auf denen Kaffee, Tee, Kekse und leckeres Rosinenbrot mit dick Butter standen. Pastor Dietmar Meyer lud ausdr\u00fccklich dazu ein, schon w\u00e4hrend des Gottesdienstes zuzugreifen, was die Besucher:innen gern taten. Als h\u00e4tten alle den Wochenspruch beherzigt &#8222;Von seiner F\u00fclle haben wir genommen. Gnade um Gnade.&#8220; (Joh, 1,16).&nbsp;<\/p>\n\n\n\n<p>Statt an der Orgel spielte Folker Froebe am Klavier die Lieder zum gemeinsamen Singen. Als Altar diente ein Tisch mit wei\u00dfer Tischdecke, einem Kreuz, einer aufgeschlagenen Bibel, einer wei\u00dfen Kerze und zwei roten Weihnachtssternen. An einer Leinwand erschienen Liedtexte, der Wochenspruch und ein beklemmendes Foto, das D\u00fcrre zeigte, passend zum Thema der Predigt.<\/p>\n\n\n\n<p>Nach dem Vaterunser und dem Segen blieben viele G\u00e4ste noch gern zusammen und kl\u00f6nten. Genau so war der gesellige Caf\u00e9-Gottesdienst auch gedacht. <\/p>\n\n\n\n<p>(B\u00e4rbel Litfin)&nbsp; &nbsp;&nbsp;<\/p>\n\n\n\n<div style=\"height:51px\" aria-hidden=\"true\" class=\"wp-block-spacer\"><\/div>\n\n\n\n<h2 class=\"wp-block-heading\">Wunderbare Weihnacht in der Alten Kirche<\/h2>\n\n\n\n<figure class=\"wp-block-image size-large is-resized\"><img loading=\"lazy\" decoding=\"async\" width=\"1024\" height=\"768\" src=\"https:\/\/dionysiusgemeinde-lehe.de\/wp-content\/uploads\/2025\/12\/20251224_174347-1024x768.jpg\" alt=\"\" class=\"wp-image-1458\" style=\"width:513px;height:auto\" srcset=\"https:\/\/dionysiusgemeinde-lehe.de\/wp-content\/uploads\/2025\/12\/20251224_174347-1024x768.jpg 1024w, https:\/\/dionysiusgemeinde-lehe.de\/wp-content\/uploads\/2025\/12\/20251224_174347-300x225.jpg 300w, https:\/\/dionysiusgemeinde-lehe.de\/wp-content\/uploads\/2025\/12\/20251224_174347-768x576.jpg 768w, https:\/\/dionysiusgemeinde-lehe.de\/wp-content\/uploads\/2025\/12\/20251224_174347-1536x1152.jpg 1536w, https:\/\/dionysiusgemeinde-lehe.de\/wp-content\/uploads\/2025\/12\/20251224_174347.jpg 2040w\" sizes=\"auto, (max-width: 1024px) 100vw, 1024px\" \/><\/figure>\n\n\n\n<p><strong>Was waren das f\u00fcr abwechslungsreiche Gottesdienste zu Weihnachten.<\/strong><\/p>\n\n\n\n<p>Kult ist Heiligabend, 16.30 Uhr, das \u201eandere Krippenspiel\u201c der Jugend in der brechend vollen Kirche &#8211; immer witzig, frech, nachdenklich. Diesmal hatten die Zwillinge von Pastorin Lilo Eurich, die auch predigte, in ihr St\u00fcck einen mies gelaunten Pastoren gestellt, der von Weihnachten die Nase voll hatte, weil sich im Gottesdienst immer alles wiederholt mit Maria, Josef und dem Christuskind\u2026 In der Kirche wurde zig Mal laut gelacht und noch lauter gesungen zu den Orgelkl\u00e4ngen von Folker Froebe und dem Posaunenchor.<\/p>\n\n\n\n<p>Besinnlicher wurde es ab 18 Uhr bei der Christmette in der vollen Kirche mit Pastor Dietmar Meyer, Orgel- und Klaviermusik von Folker Froebe und erneut der tollen S\u00e4ngerin Nele. Meyer fragte, welcher Aspekt aus der Weihnachtsgeschichte im Ged\u00e4chtnis bleibt.<\/p>\n\n\n\n<p>Viele Nachtschw\u00e4rmer:innen fanden sich auch um 23 Uhr zur Christmette mit Pastorin Eurich ein, die diesen Sp\u00e4tgottesdienst liebt. Sie unterstrich, dass Bescherung und Festessen zwar vorbei seien, nicht aber Weihnachten und die Botschaft.<\/p>\n\n\n\n<p>Ebenso schon Kult sind die gemeinsamen Predigten von Eurich und Werner Keil, Pastor der reformierten Gemeinde Lange Stra\u00dfe. Anspruchsvoll und humorvoll &#8211; geradezu fernsehreif, wie sie sich die B\u00e4lle zuwarfen &#8211; griffen sie die Geburt Jesu, Gottes Sohn, und Marias Schwangerschaft durch den Heiligen Geist auf. Hinterher beim Kirchenkaffee wurde ausgiebig geplaudert.<\/p>\n\n\n\n<p>Ein besonders dickes Lob geb\u00fchrt einmal mehr K\u00fcster Ilvio Appetecchi: Die Riesentanne ist ein Traum. Und viele Besucher:innen fragten sich, wie er in schwindelerregender H\u00f6he den Stern auf die Spitze gesetzt hat. <\/p>\n\n\n\n<p>(B\u00e4rbel Litfin) &nbsp;&nbsp;<\/p>\n\n\n\n<figure class=\"wp-block-image size-large is-resized\"><img loading=\"lazy\" decoding=\"async\" width=\"768\" height=\"1024\" src=\"https:\/\/dionysiusgemeinde-lehe.de\/wp-content\/uploads\/2025\/12\/20251224_174312-768x1024.jpg\" alt=\"\" class=\"wp-image-1459\" style=\"aspect-ratio:0.7500094507239254;width:454px;height:auto\" srcset=\"https:\/\/dionysiusgemeinde-lehe.de\/wp-content\/uploads\/2025\/12\/20251224_174312-768x1024.jpg 768w, https:\/\/dionysiusgemeinde-lehe.de\/wp-content\/uploads\/2025\/12\/20251224_174312-225x300.jpg 225w, https:\/\/dionysiusgemeinde-lehe.de\/wp-content\/uploads\/2025\/12\/20251224_174312-1152x1536.jpg 1152w, https:\/\/dionysiusgemeinde-lehe.de\/wp-content\/uploads\/2025\/12\/20251224_174312-1536x2048.jpg 1536w, https:\/\/dionysiusgemeinde-lehe.de\/wp-content\/uploads\/2025\/12\/20251224_174312-scaled.jpg 1920w\" sizes=\"auto, (max-width: 768px) 100vw, 768px\" \/><\/figure>\n\n\n\n<h2 class=\"wp-block-heading\">Blues- und Bettag: Wenn die Alte Kirche zum Musikclub wird &#8211;<br>12.11.2025<\/h2>\n\n\n\n<p>Blues- und Bettag: Das Wortspiel ist genauso gut wie der stimmungsvolle Abend in der Alten Kirche mit handgemachter Musik sowie Texten und Gedichten von Pastor Dietmar Meyer, der wie immer mitrei\u00dfend moderierte. Die Kirche erinnerte an einen Musikclub:&nbsp; Auf der einen Seite die Musiker:innen, gegen\u00fcber im Halbkreis das gut gelaunte Publikum, K\u00fcster Ilvio Appetecchi hatte mit Kerzen und Teelichtern Gem\u00fctlichkeit gezaubert&nbsp; &#8211; willkommen in New Orleans. Wann bekommt man schon mal Bassgitarren, E-Gitarre, Schlagzeug, Keyboard, Saxofon, Trompete, Geige und Akkordeon in einer Band zu h\u00f6ren? Der gute alte Blues lie\u00df niemanden stillsitzen: F\u00fc\u00dfe wippten, es wurde geklatscht, gesummt, gesungen. \u201eCome together\u201c: Der erste Song h\u00e4tte nicht passender sein k\u00f6nne. Eine Vase ging herum: Auf Zettelchen sollten \u201eLieder, die mir viel bedeuten\u201c notiert werden &#8211; sp\u00e4ter wurden dazu sch\u00f6ne Erinnerungen geteilt und die Band spielte die Songs: Simon &amp; Garfunkels \u201eThe Boxer\u201c, Roberta Flacks \u201eKilling me softly\u201c oder Bryan Adams \u201eEverythin I do I do it for you\u201c. Einen besonderen Auftritt legte Georg Karoscha (89) hin: Er sang Frank Sinatras Welthit \u201eMy Way\u201c auf Deutsch. In der Pause waren die Bistrotische umlagert: Bei Getr\u00e4nken und Knabbersachen kl\u00f6nte jeder mit jedem, auch nach dem Konzert. Zum Schluss erklang kein Blues, sondern Robbie Williams Superhit \u201eAngels\u201c: Kaum jemand schmetterte da nicht laut mit. <\/p>\n\n\n\n<p>(B\u00e4rbel Litfin)<br><\/p>\n\n\n\n<figure class=\"wp-block-image size-large\"><img loading=\"lazy\" decoding=\"async\" width=\"1024\" height=\"768\" src=\"https:\/\/dionysiusgemeinde-lehe.de\/wp-content\/uploads\/2025\/11\/20251112_193545-1024x768.jpg\" alt=\"\" class=\"wp-image-1241\" srcset=\"https:\/\/dionysiusgemeinde-lehe.de\/wp-content\/uploads\/2025\/11\/20251112_193545-1024x768.jpg 1024w, https:\/\/dionysiusgemeinde-lehe.de\/wp-content\/uploads\/2025\/11\/20251112_193545-300x225.jpg 300w, https:\/\/dionysiusgemeinde-lehe.de\/wp-content\/uploads\/2025\/11\/20251112_193545-768x576.jpg 768w, https:\/\/dionysiusgemeinde-lehe.de\/wp-content\/uploads\/2025\/11\/20251112_193545-1536x1152.jpg 1536w, https:\/\/dionysiusgemeinde-lehe.de\/wp-content\/uploads\/2025\/11\/20251112_193545-2048x1536.jpg 2048w\" sizes=\"auto, (max-width: 1024px) 100vw, 1024px\" \/><\/figure>\n\n\n\n<div style=\"height:78px\" aria-hidden=\"true\" class=\"wp-block-spacer\"><\/div>\n\n\n\n<h2 class=\"wp-block-heading\">Edelsteine zur Erinnerung ans Konfirmationsjubil\u00e4um &#8211; 12.10.2025<\/h2>\n\n\n\n<p>Das war stimmungsvoll: Zu Orgelmusik marschierten 26 Jubilare \u2013 sie feierten Goldene, Diamantene, Eiserne, Gnaden- und Kronjuwelen-Konfirmation &#8211; in die Alte Kirche zum Festgottesdienst ein. Die Gemeinde erhob sich, die Jubilare nahmen vorne Platz. Unser K\u00fcster und Dekok\u00fcnstler Ilvio Appetecchi hat mit Teelichtern f\u00fcr besonders gem\u00fctliche Atmosph\u00e4re gesorgt , daf\u00fcr bekam er viel Lob.<\/p>\n\n\n\n<p>Pastorin Lilo Eurich hat ihre Predigt ganz auf die Jubilare abgestimmt. Das Leben werde durchsp\u00fclt wie Sand, vieles sei schnell vergessen. Und in traurigen Momenten komme Zweifel an Gott auf. Aber da seien Sch\u00e4tze und Diamanten &#8211; die sch\u00f6nen Momente. Auf dem Altar stand denn auch ein K\u00f6rbchen mit Edelsteinen: Alle Jubilare erhielten ein Steinchen und eine Urkunde. Nicht nur in dem Moment l\u00e4chelten alle, \u00fcberhaupt war die Stimmung heiter \u2013 wohl auch, weil sie sich am Abend davor im ZAK zum Wiedererkennen und Schwelgen in Erinnerungen getroffen hatten. Blicke zur\u00fcck gab es ebenso danach beim Mittagessen im \u201eHaus am Blink\u201c.<\/p>\n\n\n\n<p>Konfimationsjubil\u00e4um wird wieder in zwei Jahren gefeiert: Wer gern dabei sein m\u00f6chte, rufe im Gemeindeb\u00fcro bei Sekret\u00e4rin D\u00f6rte Sengstaken (0471\/81412) an. <\/p>\n\n\n\n<p>(B\u00e4rbel Litfin)<\/p>\n\n\n\n<figure class=\"wp-block-image size-large\"><img loading=\"lazy\" decoding=\"async\" width=\"1024\" height=\"768\" src=\"https:\/\/dionysiusgemeinde-lehe.de\/wp-content\/uploads\/2025\/10\/JubilaeumsGD-1024x768.jpg\" alt=\"\" class=\"wp-image-1054\" srcset=\"https:\/\/dionysiusgemeinde-lehe.de\/wp-content\/uploads\/2025\/10\/JubilaeumsGD-1024x768.jpg 1024w, https:\/\/dionysiusgemeinde-lehe.de\/wp-content\/uploads\/2025\/10\/JubilaeumsGD-300x225.jpg 300w, https:\/\/dionysiusgemeinde-lehe.de\/wp-content\/uploads\/2025\/10\/JubilaeumsGD-768x576.jpg 768w, https:\/\/dionysiusgemeinde-lehe.de\/wp-content\/uploads\/2025\/10\/JubilaeumsGD-1536x1152.jpg 1536w, https:\/\/dionysiusgemeinde-lehe.de\/wp-content\/uploads\/2025\/10\/JubilaeumsGD-2048x1536.jpg 2048w\" sizes=\"auto, (max-width: 1024px) 100vw, 1024px\" \/><\/figure>\n\n\n\n<div style=\"height:24px\" aria-hidden=\"true\" class=\"wp-block-spacer\"><\/div>\n\n\n\n<h2 class=\"wp-block-heading\">Gottesdienst zum Erntedank &#8218;op Platt&#8216; am 05.10.2025 <\/h2>\n\n\n\n<figure class=\"wp-block-image size-large\"><img loading=\"lazy\" decoding=\"async\" width=\"1024\" height=\"576\" src=\"https:\/\/dionysiusgemeinde-lehe.de\/wp-content\/uploads\/2025\/10\/20251005-2-1024x576.jpg\" alt=\"\" class=\"wp-image-1049\" srcset=\"https:\/\/dionysiusgemeinde-lehe.de\/wp-content\/uploads\/2025\/10\/20251005-2-1024x576.jpg 1024w, https:\/\/dionysiusgemeinde-lehe.de\/wp-content\/uploads\/2025\/10\/20251005-2-300x169.jpg 300w, https:\/\/dionysiusgemeinde-lehe.de\/wp-content\/uploads\/2025\/10\/20251005-2-768x432.jpg 768w, https:\/\/dionysiusgemeinde-lehe.de\/wp-content\/uploads\/2025\/10\/20251005-2-1536x864.jpg 1536w, https:\/\/dionysiusgemeinde-lehe.de\/wp-content\/uploads\/2025\/10\/20251005-2-2048x1153.jpg 2048w\" sizes=\"auto, (max-width: 1024px) 100vw, 1024px\" \/><\/figure>\n\n\n\n<p><strong><em>Predigt, Lieder, Vaderunser \u2013 alles op Platt<\/em><\/strong><\/p>\n\n\n\n<p>In unserer \u201eOole Kark in Leh\u201c wurde ein besonderer Gottesdienst gefeiert: Alles auf Platt am Erntedankfest &#8211; Lieder, Psalm, Gebete, dat Vaderunser. P.i.R. Onno Bertelsmeyer aus Loxstedt predigte gef\u00fchlvoll op Platt: Reichtum ist nicht viel Besitz, sondern Menschlichkeit. Dabei guckten alle auf die wundersch\u00f6ne Herbstdeko am Altar &#8211; K\u00fcster Ilvio Appetecchi hatte sich selbst \u00fcbertroffen. Beim gem\u00fctlichen Kirchenkaffee klangt ein toller Vormittag aus. <\/p>\n\n\n\n<p>(B\u00e4rbel Litfin)<\/p>\n\n\n\n<figure class=\"wp-block-image size-large\"><img loading=\"lazy\" decoding=\"async\" width=\"1024\" height=\"768\" src=\"https:\/\/dionysiusgemeinde-lehe.de\/wp-content\/uploads\/2025\/10\/20251005-1-1024x768.jpg\" alt=\"\" class=\"wp-image-1050\" srcset=\"https:\/\/dionysiusgemeinde-lehe.de\/wp-content\/uploads\/2025\/10\/20251005-1-1024x768.jpg 1024w, https:\/\/dionysiusgemeinde-lehe.de\/wp-content\/uploads\/2025\/10\/20251005-1-300x225.jpg 300w, https:\/\/dionysiusgemeinde-lehe.de\/wp-content\/uploads\/2025\/10\/20251005-1-768x576.jpg 768w, https:\/\/dionysiusgemeinde-lehe.de\/wp-content\/uploads\/2025\/10\/20251005-1-1536x1152.jpg 1536w, https:\/\/dionysiusgemeinde-lehe.de\/wp-content\/uploads\/2025\/10\/20251005-1-2048x1536.jpg 2048w\" sizes=\"auto, (max-width: 1024px) 100vw, 1024px\" \/><\/figure>\n\n\n\n<div style=\"height:100px\" aria-hidden=\"true\" class=\"wp-block-spacer\"><\/div>\n","protected":false},"excerpt":{"rendered":"<p>Ein Blick zur\u00fcck lohnt sich: Unsere vergangenen Veranstaltungen zeigen, wie viel Freude gemeinsames Erleben macht. Hier finden Sie Impressionen und Highlights. Gottesdienst mit literarischem Emmausgang am Ostermontag Eine besondere Veranstaltung erwartete die BesucherInnen in der Kirche am Ostermontag: ein literarischer Emmausgang mit Schriftstellerin Annie Sonnenberg. Sie lebt in Braunschweig, war mit ihrem Ehemann am fr\u00fchen [&hellip;]<\/p>\n","protected":false},"author":2,"featured_media":0,"parent":0,"menu_order":0,"comment_status":"closed","ping_status":"closed","template":"","meta":{"footnotes":""},"class_list":["post-1000","page","type-page","status-publish","hentry"],"_links":{"self":[{"href":"https:\/\/dionysiusgemeinde-lehe.de\/index.php\/wp-json\/wp\/v2\/pages\/1000","targetHints":{"allow":["GET"]}}],"collection":[{"href":"https:\/\/dionysiusgemeinde-lehe.de\/index.php\/wp-json\/wp\/v2\/pages"}],"about":[{"href":"https:\/\/dionysiusgemeinde-lehe.de\/index.php\/wp-json\/wp\/v2\/types\/page"}],"author":[{"embeddable":true,"href":"https:\/\/dionysiusgemeinde-lehe.de\/index.php\/wp-json\/wp\/v2\/users\/2"}],"replies":[{"embeddable":true,"href":"https:\/\/dionysiusgemeinde-lehe.de\/index.php\/wp-json\/wp\/v2\/comments?post=1000"}],"version-history":[{"count":28,"href":"https:\/\/dionysiusgemeinde-lehe.de\/index.php\/wp-json\/wp\/v2\/pages\/1000\/revisions"}],"predecessor-version":[{"id":1809,"href":"https:\/\/dionysiusgemeinde-lehe.de\/index.php\/wp-json\/wp\/v2\/pages\/1000\/revisions\/1809"}],"wp:attachment":[{"href":"https:\/\/dionysiusgemeinde-lehe.de\/index.php\/wp-json\/wp\/v2\/media?parent=1000"}],"curies":[{"name":"wp","href":"https:\/\/api.w.org\/{rel}","templated":true}]}}